{"id":5367,"date":"2025-03-25T10:33:16","date_gmt":"2025-03-25T10:33:16","guid":{"rendered":"https:\/\/canasytapas.es\/?page_id=5367"},"modified":"2025-12-03T11:36:41","modified_gmt":"2025-12-03T11:36:41","slug":"segovia","status":"publish","type":"page","link":"https:\/\/canasytapas.es\/en\/segovia\/","title":{"rendered":"Segovia"},"content":{"rendered":"<div data-elementor-type=\"wp-page\" data-elementor-id=\"5367\" class=\"elementor elementor-5367\" data-elementor-post-type=\"page\">\n\t\t\t\t<div class=\"elementor-element elementor-element-4fd0467c e-flex e-con-boxed e-con e-parent\" data-id=\"4fd0467c\" data-element_type=\"container\" data-settings=\"{&quot;background_background&quot;:&quot;slideshow&quot;,&quot;background_slideshow_gallery&quot;:[{&quot;id&quot;:5440,&quot;url&quot;:&quot;https:\\\/\\\/canasytapas.es\\\/wp-content\\\/uploads\\\/2025\\\/04\\\/segovia-canas-tapas-1.jpg&quot;},{&quot;id&quot;:5446,&quot;url&quot;:&quot;https:\\\/\\\/canasytapas.es\\\/wp-content\\\/uploads\\\/2025\\\/04\\\/segovia-canas-tapas-7.jpg&quot;},{&quot;id&quot;:5445,&quot;url&quot;:&quot;https:\\\/\\\/canasytapas.es\\\/wp-content\\\/uploads\\\/2025\\\/04\\\/segovia-canas-tapas-6.jpg&quot;},{&quot;id&quot;:5444,&quot;url&quot;:&quot;https:\\\/\\\/canasytapas.es\\\/wp-content\\\/uploads\\\/2025\\\/04\\\/segovia-canas-tapas-5.jpg&quot;},{&quot;id&quot;:5443,&quot;url&quot;:&quot;https:\\\/\\\/canasytapas.es\\\/wp-content\\\/uploads\\\/2025\\\/04\\\/segovia-canas-tapas-4.jpg&quot;},{&quot;id&quot;:5442,&quot;url&quot;:&quot;https:\\\/\\\/canasytapas.es\\\/wp-content\\\/uploads\\\/2025\\\/04\\\/segovia-canas-tapas-3.jpg&quot;},{&quot;id&quot;:5441,&quot;url&quot;:&quot;https:\\\/\\\/canasytapas.es\\\/wp-content\\\/uploads\\\/2025\\\/04\\\/segovia-canas-tapas-2.jpg&quot;}],&quot;background_slideshow_loop&quot;:&quot;yes&quot;,&quot;background_slideshow_slide_duration&quot;:5000,&quot;background_slideshow_slide_transition&quot;:&quot;fade&quot;,&quot;background_slideshow_transition_duration&quot;:500}\">\n\t\t\t\t\t<div class=\"e-con-inner\">\n\t\t\t\t<div class=\"elementor-element elementor-element-70199a88 animated-slow elementor-invisible elementor-widget elementor-widget-heading\" data-id=\"70199a88\" data-element_type=\"widget\" data-settings=\"{&quot;_animation&quot;:&quot;fadeIn&quot;}\" data-widget_type=\"heading.default\">\n\t\t\t\t<div class=\"elementor-widget-container\">\n\t\t\t\t\t<h2 class=\"elementor-heading-title elementor-size-default\">Segovia<\/h2>\t\t\t\t<\/div>\n\t\t\t\t<\/div>\n\t\t\t\t<div class=\"elementor-element elementor-element-2ec21398 animated-slow elementor-invisible elementor-widget elementor-widget-text-editor\" data-id=\"2ec21398\" data-element_type=\"widget\" data-settings=\"{&quot;_animation&quot;:&quot;fadeIn&quot;}\" data-widget_type=\"text-editor.default\">\n\t\t\t\t<div class=\"elementor-widget-container\">\n\t\t\t\t\t\t\t\t\t<p>Enjoy authentic Spanish cuisine with the best local ingredients.<\/p>\t\t\t\t\t\t\t\t<\/div>\n\t\t\t\t<\/div>\n\t\t\t\t\t<\/div>\n\t\t\t\t<\/div>\n\t\t<div class=\"elementor-element elementor-element-2f8b1af5 e-flex e-con-boxed e-con e-parent\" data-id=\"2f8b1af5\" data-element_type=\"container\">\n\t\t\t\t\t<div class=\"e-con-inner\">\n\t\t<div class=\"elementor-element elementor-element-9466f66 e-con-full e-flex e-con e-child\" data-id=\"9466f66\" data-element_type=\"container\">\n\t\t\t\t<div class=\"elementor-element elementor-element-5e9bf360 elementor-widget elementor-widget-heading\" data-id=\"5e9bf360\" data-element_type=\"widget\" data-widget_type=\"heading.default\">\n\t\t\t\t<div class=\"elementor-widget-container\">\n\t\t\t\t\t<h2 class=\"elementor-heading-title elementor-size-default\">Pl. Artiller\u00eda, 1 <br>\nSegovia, Espa\u00f1a<\/h2>\t\t\t\t<\/div>\n\t\t\t\t<\/div>\n\t\t\t\t<\/div>\n\t\t\t\t\t<\/div>\n\t\t\t\t<\/div>\n\t\t<div class=\"elementor-element elementor-element-6362c8bc e-flex e-con-boxed e-con e-parent\" data-id=\"6362c8bc\" data-element_type=\"container\" data-settings=\"{&quot;background_background&quot;:&quot;classic&quot;}\">\n\t\t\t\t\t<div class=\"e-con-inner\">\n\t\t<div class=\"elementor-element elementor-element-290ba4fb e-con-full e-flex e-con e-child\" data-id=\"290ba4fb\" data-element_type=\"container\">\n\t\t\t\t<div class=\"elementor-element elementor-element-34b8f756 elementor-widget elementor-widget-heading\" data-id=\"34b8f756\" data-element_type=\"widget\" data-widget_type=\"heading.default\">\n\t\t\t\t<div class=\"elementor-widget-container\">\n\t\t\t\t\t<h2 class=\"elementor-heading-title elementor-size-default\">Schedule<br><\/h2>\t\t\t\t<\/div>\n\t\t\t\t<\/div>\n\t\t<div class=\"elementor-element elementor-element-22b5618d e-con-full e-flex e-con e-child\" data-id=\"22b5618d\" data-element_type=\"container\">\n\t\t\t\t<div class=\"elementor-element elementor-element-43be9c9f elementor-widget elementor-widget-heading\" data-id=\"43be9c9f\" data-element_type=\"widget\" data-widget_type=\"heading.default\">\n\t\t\t\t<div class=\"elementor-widget-container\">\n\t\t\t\t\t<h2 class=\"elementor-heading-title elementor-size-default\"><br>Lunes - Domingo <\/h2>\t\t\t\t<\/div>\n\t\t\t\t<\/div>\n\t\t\t\t<div class=\"elementor-element elementor-element-65fbe30c elementor-widget elementor-widget-heading\" data-id=\"65fbe30c\" data-element_type=\"widget\" data-widget_type=\"heading.default\">\n\t\t\t\t<div class=\"elementor-widget-container\">\n\t\t\t\t\t<h2 class=\"elementor-heading-title elementor-size-default\"><br>10:00 a 00:00<\/h2>\t\t\t\t<\/div>\n\t\t\t\t<\/div>\n\t\t\t\t<\/div>\n\t\t\t\t<div class=\"elementor-element elementor-element-1f782ec elementor-widget-divider--view-line elementor-widget elementor-widget-divider\" data-id=\"1f782ec\" data-element_type=\"widget\" data-widget_type=\"divider.default\">\n\t\t\t\t<div class=\"elementor-widget-container\">\n\t\t\t\t\t\t\t<div class=\"elementor-divider\">\n\t\t\t<span class=\"elementor-divider-separator\">\n\t\t\t\t\t\t<\/span>\n\t\t<\/div>\n\t\t\t\t\t\t<\/div>\n\t\t\t\t<\/div>\n\t\t\t\t<\/div>\n\t\t\t\t<div class=\"elementor-element elementor-element-41c4d81c elementor-widget elementor-widget-heading\" data-id=\"41c4d81c\" data-element_type=\"widget\" data-widget_type=\"heading.default\">\n\t\t\t\t<div class=\"elementor-widget-container\">\n\t\t\t\t\t<h2 class=\"elementor-heading-title elementor-size-default\">Book your table at Ca\u00f1as y Tapas Segovia<\/h2>\t\t\t\t<\/div>\n\t\t\t\t<\/div>\n\t\t\t\t<div class=\"elementor-element elementor-element-5bbca017 elementor-align-center animated-slow elementor-invisible elementor-widget elementor-widget-button\" data-id=\"5bbca017\" data-element_type=\"widget\" data-settings=\"{&quot;_animation&quot;:&quot;fadeIn&quot;}\" data-widget_type=\"button.default\">\n\t\t\t\t<div class=\"elementor-widget-container\">\n\t\t\t\t\t\t\t\t\t<div class=\"elementor-button-wrapper\">\n\t\t\t\t\t<a class=\"elementor-button elementor-button-link elementor-size-sm\" href=\"tel:\/\/671712476\">\n\t\t\t\t\t\t<span class=\"elementor-button-content-wrapper\">\n\t\t\t\t\t\t\t\t\t<span class=\"elementor-button-text\">Call<\/span>\n\t\t\t\t\t<\/span>\n\t\t\t\t\t<\/a>\n\t\t\t\t<\/div>\n\t\t\t\t\t\t\t\t<\/div>\n\t\t\t\t<\/div>\n\t\t<div class=\"elementor-element elementor-element-6130d94 e-con-full e-flex e-con e-child\" data-id=\"6130d94\" data-element_type=\"container\">\n\t\t\t\t<div class=\"elementor-element elementor-element-2dd27b6 elementor-widget elementor-widget-heading\" data-id=\"2dd27b6\" data-element_type=\"widget\" data-widget_type=\"heading.default\">\n\t\t\t\t<div class=\"elementor-widget-container\">\n\t\t\t\t\t<h2 class=\"elementor-heading-title elementor-size-default\">Book now!<\/h2>\t\t\t\t<\/div>\n\t\t\t\t<\/div>\n\t\t\t\t<div class=\"elementor-element elementor-element-fca4eb7 elementor-widget elementor-widget-html\" data-id=\"fca4eb7\" data-element_type=\"widget\" data-no-translation=\"\" data-widget_type=\"html.default\">\n\t\t\t\t<div class=\"elementor-widget-container\">\n\t\t\t\t\t<style>.elementor-element-fca4eb7{display:none !important}<\/style>\t\t\t\t<\/div>\n\t\t\t\t<\/div>\n\t\t\t\t<div class=\"elementor-element elementor-element-96f3ec4 elementor-widget elementor-widget-html\" data-id=\"96f3ec4\" data-element_type=\"widget\" data-no-translation=\"\" data-widget_type=\"html.default\">\n\t\t\t\t<div class=\"elementor-widget-container\">\n\t\t\t\t\t<script type=\"text\/javascript\"\r\n                                                                                        src=\"https:\/\/www.covermanager.com\/js\/iframeResizer\/iframeResizer.min.js\"><\/script><iframe\r\n                                                            id=\"Canas-y-Tapas-Segovia\" title=\"Reservas\"\r\n                                                            src=\"https:\/\/www.covermanager.com\/reservation\/module_restaurant\/Canas-y-Tapas-Segovia\/english\"\r\n                                                            allow=\"payment\" frameborder=\"0\" height=\"550\" width=\"100%\" onload=\"iFrameResize();\"><\/iframe>\t\t\t\t<\/div>\n\t\t\t\t<\/div>\n\t\t\t\t<\/div>\n\t\t\t\t\t<\/div>\n\t\t\t\t<\/div>\n\t\t<div class=\"elementor-element elementor-element-1e3c389 e-flex e-con-boxed e-con e-parent\" data-id=\"1e3c389\" data-element_type=\"container\">\n\t\t\t\t\t<div class=\"e-con-inner\">\n\t\t\t\t<div class=\"elementor-element elementor-element-a506d58 elementor-widget elementor-widget-google_maps\" data-id=\"a506d58\" data-element_type=\"widget\" data-widget_type=\"google_maps.default\">\n\t\t\t\t<div class=\"elementor-widget-container\">\n\t\t\t\t\t\t\t<div class=\"elementor-custom-embed\">\n\t\t\t<iframe loading=\"lazy\"\n\t\t\t\t\tsrc=\"https:\/\/maps.google.com\/maps?q=Plaza%20de%20La%20Artiller%C3%ADa%201%2C%20Segovia&#038;t=m&#038;z=10&#038;output=embed&#038;iwloc=near\"\n\t\t\t\t\ttitle=\"Plaza de La Artiller\u00eda 1, Segovia\"\n\t\t\t\t\taria-label=\"Plaza de La Artiller\u00eda 1, Segovia\"\n\t\t\t><\/iframe>\n\t\t<\/div>\n\t\t\t\t\t\t<\/div>\n\t\t\t\t<\/div>\n\t\t\t\t\t<\/div>\n\t\t\t\t<\/div>\n\t\t\t\t<\/div>","protected":false},"excerpt":{"rendered":"<p>Segovia Disfruta de la aut\u00e9ntica gastronom\u00eda espa\u00f1ola con los mejores ingredientes locales. Pl. Artiller\u00eda, 1 Segovia, Espa\u00f1a Horario Lunes &#8211; Domingo 10:00 a 00:00 Reserva tu mesa en Ca\u00f1as y Tapas Segovia Llamar \u00a1Reserva ahora!<\/p>","protected":false},"author":13,"featured_media":0,"parent":0,"menu_order":0,"comment_status":"closed","ping_status":"closed","template":"","meta":{"inline_featured_image":false,"footnotes":""},"class_list":["post-5367","page","type-page","status-publish","hentry"],"yoast_head":"<!-- This site is optimized with the Yoast SEO plugin v24.6 - https:\/\/yoast.com\/wordpress\/plugins\/seo\/ -->\n<title>Segovia - Home | Ca\u00f1as y Tapas<\/title>\n<meta name=\"robots\" content=\"index, follow, max-snippet:-1, max-image-preview:large, max-video-preview:-1\" \/>\n<link rel=\"canonical\" href=\"https:\/\/canasytapas.es\/en\/segovia\/\" \/>\n<meta property=\"og:locale\" content=\"en_GB\" \/>\n<meta property=\"og:type\" content=\"article\" \/>\n<meta property=\"og:title\" content=\"Segovia - Home | Ca\u00f1as y Tapas\" \/>\n<meta property=\"og:description\" content=\"Segovia Disfruta de la aut\u00e9ntica gastronom\u00eda espa\u00f1ola con los mejores ingredientes locales. Pl. Artiller\u00eda, 1 Segovia, Espa\u00f1a Horario Lunes &#8211; Domingo 10:00 a 00:00 Reserva tu mesa en Ca\u00f1as y Tapas Segovia Llamar \u00a1Reserva ahora!\" \/>\n<meta property=\"og:url\" content=\"https:\/\/canasytapas.es\/en\/segovia\/\" \/>\n<meta property=\"og:site_name\" content=\"Home | Ca\u00f1as y Tapas\" \/>\n<meta property=\"article:modified_time\" content=\"2025-12-03T11:36:41+00:00\" \/>\n<meta name=\"twitter:card\" content=\"summary_large_image\" \/>\n<meta name=\"twitter:label1\" content=\"Estimated reading time\" \/>\n\t<meta name=\"twitter:data1\" content=\"1 minute\" \/>\n<script type=\"application\/ld+json\" class=\"yoast-schema-graph\">{\"@context\":\"https:\/\/schema.org\",\"@graph\":[{\"@type\":\"WebPage\",\"@id\":\"https:\/\/canasytapas.es\/segovia\/\",\"url\":\"https:\/\/canasytapas.es\/segovia\/\",\"name\":\"Segovia - Home | Ca\u00f1as y Tapas\",\"isPartOf\":{\"@id\":\"https:\/\/canasytapas.es\/#website\"},\"datePublished\":\"2025-03-25T10:33:16+00:00\",\"dateModified\":\"2025-12-03T11:36:41+00:00\",\"breadcrumb\":{\"@id\":\"https:\/\/canasytapas.es\/segovia\/#breadcrumb\"},\"inLanguage\":\"en-GB\",\"potentialAction\":[{\"@type\":\"ReadAction\",\"target\":[\"https:\/\/canasytapas.es\/segovia\/\"]}]},{\"@type\":\"BreadcrumbList\",\"@id\":\"https:\/\/canasytapas.es\/segovia\/#breadcrumb\",\"itemListElement\":[{\"@type\":\"ListItem\",\"position\":1,\"name\":\"Portada\",\"item\":\"https:\/\/canasytapas.es\/\"},{\"@type\":\"ListItem\",\"position\":2,\"name\":\"Segovia\"}]},{\"@type\":\"WebSite\",\"@id\":\"https:\/\/canasytapas.es\/#website\",\"url\":\"https:\/\/canasytapas.es\/\",\"name\":\"Ca\u00f1as y Tapas\",\"description\":\"Experimenta la esencia de la gastronom\u00eda espa\u00f1ola en Ca\u00f1as y Tapas. Disfruta de aut\u00e9nticas tapas y raciones tradicionales en un ambiente acogedor.\",\"potentialAction\":[{\"@type\":\"SearchAction\",\"target\":{\"@type\":\"EntryPoint\",\"urlTemplate\":\"https:\/\/canasytapas.es\/?s={search_term_string}\"},\"query-input\":{\"@type\":\"PropertyValueSpecification\",\"valueRequired\":true,\"valueName\":\"search_term_string\"}}],\"inLanguage\":\"en-GB\"}]}<\/script>\n<!-- \/ Yoast SEO plugin. -->","yoast_head_json":{"title":"Segovia - Home | Ca\u00f1as y Tapas","robots":{"index":"index","follow":"follow","max-snippet":"max-snippet:-1","max-image-preview":"max-image-preview:large","max-video-preview":"max-video-preview:-1"},"canonical":"https:\/\/canasytapas.es\/en\/segovia\/","og_locale":"en_GB","og_type":"article","og_title":"Segovia - Home | Ca\u00f1as y Tapas","og_description":"Segovia Disfruta de la aut\u00e9ntica gastronom\u00eda espa\u00f1ola con los mejores ingredientes locales. Pl. Artiller\u00eda, 1 Segovia, Espa\u00f1a Horario Lunes &#8211; Domingo 10:00 a 00:00 Reserva tu mesa en Ca\u00f1as y Tapas Segovia Llamar \u00a1Reserva ahora!","og_url":"https:\/\/canasytapas.es\/en\/segovia\/","og_site_name":"Home | Ca\u00f1as y Tapas","article_modified_time":"2025-12-03T11:36:41+00:00","twitter_card":"summary_large_image","twitter_misc":{"Estimated reading time":"1 minute"},"schema":{"@context":"https:\/\/schema.org","@graph":[{"@type":"WebPage","@id":"https:\/\/canasytapas.es\/segovia\/","url":"https:\/\/canasytapas.es\/segovia\/","name":"Segovia - Home | Ca\u00f1as y Tapas","isPartOf":{"@id":"https:\/\/canasytapas.es\/#website"},"datePublished":"2025-03-25T10:33:16+00:00","dateModified":"2025-12-03T11:36:41+00:00","breadcrumb":{"@id":"https:\/\/canasytapas.es\/segovia\/#breadcrumb"},"inLanguage":"en-GB","potentialAction":[{"@type":"ReadAction","target":["https:\/\/canasytapas.es\/segovia\/"]}]},{"@type":"BreadcrumbList","@id":"https:\/\/canasytapas.es\/segovia\/#breadcrumb","itemListElement":[{"@type":"ListItem","position":1,"name":"Portada","item":"https:\/\/canasytapas.es\/"},{"@type":"ListItem","position":2,"name":"Segovia"}]},{"@type":"WebSite","@id":"https:\/\/canasytapas.es\/#website","url":"https:\/\/canasytapas.es\/","name":"Ca\u00f1as y Tapas","description":"Experimenta la esencia de la gastronom\u00eda espa\u00f1ola en Ca\u00f1as y Tapas. Disfruta de aut\u00e9nticas tapas y raciones tradicionales en un ambiente acogedor.","potentialAction":[{"@type":"SearchAction","target":{"@type":"EntryPoint","urlTemplate":"https:\/\/canasytapas.es\/?s={search_term_string}"},"query-input":{"@type":"PropertyValueSpecification","valueRequired":true,"valueName":"search_term_string"}}],"inLanguage":"en-GB"}]}},"_links":{"self":[{"href":"https:\/\/canasytapas.es\/en\/wp-json\/wp\/v2\/pages\/5367","targetHints":{"allow":["GET"]}}],"collection":[{"href":"https:\/\/canasytapas.es\/en\/wp-json\/wp\/v2\/pages"}],"about":[{"href":"https:\/\/canasytapas.es\/en\/wp-json\/wp\/v2\/types\/page"}],"author":[{"embeddable":true,"href":"https:\/\/canasytapas.es\/en\/wp-json\/wp\/v2\/users\/13"}],"replies":[{"embeddable":true,"href":"https:\/\/canasytapas.es\/en\/wp-json\/wp\/v2\/comments?post=5367"}],"version-history":[{"count":28,"href":"https:\/\/canasytapas.es\/en\/wp-json\/wp\/v2\/pages\/5367\/revisions"}],"predecessor-version":[{"id":5961,"href":"https:\/\/canasytapas.es\/en\/wp-json\/wp\/v2\/pages\/5367\/revisions\/5961"}],"wp:attachment":[{"href":"https:\/\/canasytapas.es\/en\/wp-json\/wp\/v2\/media?parent=5367"}],"curies":[{"name":"wp","href":"https:\/\/api.w.org\/{rel}","templated":true}]}}