{"id":500,"date":"2024-11-19T21:17:24","date_gmt":"2024-11-19T21:17:24","guid":{"rendered":"https:\/\/canasytapas.es\/?page_id=500"},"modified":"2025-08-31T13:24:07","modified_gmt":"2025-08-31T13:24:07","slug":"goya","status":"publish","type":"page","link":"https:\/\/canasytapas.es\/en\/goya\/","title":{"rendered":"Goya"},"content":{"rendered":"<div data-elementor-type=\"wp-page\" data-elementor-id=\"500\" class=\"elementor elementor-500\" data-elementor-post-type=\"page\">\n\t\t\t\t<div class=\"elementor-element elementor-element-6183299 e-flex e-con-boxed e-con e-parent\" data-id=\"6183299\" data-element_type=\"container\" data-settings=\"{&quot;background_background&quot;:&quot;slideshow&quot;,&quot;background_slideshow_gallery&quot;:[{&quot;id&quot;:3846,&quot;url&quot;:&quot;https:\\\/\\\/canasytapas.es\\\/wp-content\\\/uploads\\\/2025\\\/01\\\/IMG_6102-1-scaled-1.webp&quot;},{&quot;id&quot;:4351,&quot;url&quot;:&quot;https:\\\/\\\/canasytapas.es\\\/wp-content\\\/uploads\\\/2025\\\/01\\\/IMG_0403-scaled-1.webp&quot;},{&quot;id&quot;:3845,&quot;url&quot;:&quot;https:\\\/\\\/canasytapas.es\\\/wp-content\\\/uploads\\\/2025\\\/01\\\/IMG_0405-1-scaled-2.webp&quot;},{&quot;id&quot;:4353,&quot;url&quot;:&quot;https:\\\/\\\/canasytapas.es\\\/wp-content\\\/uploads\\\/2025\\\/01\\\/IMG_6099-scaled.jpg&quot;},{&quot;id&quot;:4350,&quot;url&quot;:&quot;https:\\\/\\\/canasytapas.es\\\/wp-content\\\/uploads\\\/2025\\\/01\\\/IMG_0394-scaled.jpg&quot;}],&quot;background_slideshow_slide_duration&quot;:2000,&quot;background_slideshow_loop&quot;:&quot;yes&quot;,&quot;background_slideshow_slide_transition&quot;:&quot;fade&quot;,&quot;background_slideshow_transition_duration&quot;:500}\">\n\t\t\t\t\t<div class=\"e-con-inner\">\n\t\t\t\t<div class=\"elementor-element elementor-element-e35bae2 animated-slow elementor-invisible elementor-widget elementor-widget-heading\" data-id=\"e35bae2\" data-element_type=\"widget\" data-settings=\"{&quot;_animation&quot;:&quot;fadeIn&quot;}\" data-widget_type=\"heading.default\">\n\t\t\t\t<div class=\"elementor-widget-container\">\n\t\t\t\t\t<h2 class=\"elementor-heading-title elementor-size-default\">Goya<\/h2>\t\t\t\t<\/div>\n\t\t\t\t<\/div>\n\t\t\t\t<div class=\"elementor-element elementor-element-80408e0 animated-slow elementor-invisible elementor-widget elementor-widget-text-editor\" data-id=\"80408e0\" data-element_type=\"widget\" data-settings=\"{&quot;_animation&quot;:&quot;fadeIn&quot;}\" data-widget_type=\"text-editor.default\">\n\t\t\t\t<div class=\"elementor-widget-container\">\n\t\t\t\t\t\t\t\t\t<p>Enjoy authentic Spanish cuisine with the best local ingredients.<\/p>\t\t\t\t\t\t\t\t<\/div>\n\t\t\t\t<\/div>\n\t\t\t\t\t<\/div>\n\t\t\t\t<\/div>\n\t\t<div class=\"elementor-element elementor-element-c61ca6d e-flex e-con-boxed e-con e-parent\" data-id=\"c61ca6d\" data-element_type=\"container\">\n\t\t\t\t\t<div class=\"e-con-inner\">\n\t\t<div class=\"elementor-element elementor-element-c053551 e-con-full e-flex e-con e-child\" data-id=\"c053551\" data-element_type=\"container\">\n\t\t\t\t<div class=\"elementor-element elementor-element-7f6472f elementor-widget elementor-widget-heading\" data-id=\"7f6472f\" data-element_type=\"widget\" data-widget_type=\"heading.default\">\n\t\t\t\t<div class=\"elementor-widget-container\">\n\t\t\t\t\t<h2 class=\"elementor-heading-title elementor-size-default\">Calle de Goya 82, 28009 <br>\nMadrid, Espa\u00f1a<\/h2>\t\t\t\t<\/div>\n\t\t\t\t<\/div>\n\t\t\t\t<\/div>\n\t\t\t\t\t<\/div>\n\t\t\t\t<\/div>\n\t\t<div class=\"elementor-element elementor-element-61af7dc e-flex e-con-boxed e-con e-parent\" data-id=\"61af7dc\" data-element_type=\"container\" data-settings=\"{&quot;background_background&quot;:&quot;classic&quot;}\">\n\t\t\t\t\t<div class=\"e-con-inner\">\n\t\t<div class=\"elementor-element elementor-element-d53da49 e-con-full e-flex e-con e-child\" data-id=\"d53da49\" data-element_type=\"container\">\n\t\t\t\t<div class=\"elementor-element elementor-element-eb30a4b elementor-widget elementor-widget-heading\" data-id=\"eb30a4b\" data-element_type=\"widget\" data-widget_type=\"heading.default\">\n\t\t\t\t<div class=\"elementor-widget-container\">\n\t\t\t\t\t<h2 class=\"elementor-heading-title elementor-size-default\">Schedule<br><\/h2>\t\t\t\t<\/div>\n\t\t\t\t<\/div>\n\t\t<div class=\"elementor-element elementor-element-fddba38 e-con-full e-flex e-con e-child\" data-id=\"fddba38\" data-element_type=\"container\">\n\t\t\t\t<div class=\"elementor-element elementor-element-d0117f8 elementor-widget elementor-widget-heading\" data-id=\"d0117f8\" data-element_type=\"widget\" data-widget_type=\"heading.default\">\n\t\t\t\t<div class=\"elementor-widget-container\">\n\t\t\t\t\t<h2 class=\"elementor-heading-title elementor-size-default\"><br>Sunday - Wednesday<\/h2>\t\t\t\t<\/div>\n\t\t\t\t<\/div>\n\t\t\t\t<div class=\"elementor-element elementor-element-6f26dc8 elementor-widget elementor-widget-heading\" data-id=\"6f26dc8\" data-element_type=\"widget\" data-widget_type=\"heading.default\">\n\t\t\t\t<div class=\"elementor-widget-container\">\n\t\t\t\t\t<h2 class=\"elementor-heading-title elementor-size-default\"><br>11:30 a 00:30<\/h2>\t\t\t\t<\/div>\n\t\t\t\t<\/div>\n\t\t\t\t<\/div>\n\t\t\t\t<div class=\"elementor-element elementor-element-fcdb3af elementor-widget-divider--view-line elementor-widget elementor-widget-divider\" data-id=\"fcdb3af\" data-element_type=\"widget\" data-widget_type=\"divider.default\">\n\t\t\t\t<div class=\"elementor-widget-container\">\n\t\t\t\t\t\t\t<div class=\"elementor-divider\">\n\t\t\t<span class=\"elementor-divider-separator\">\n\t\t\t\t\t\t<\/span>\n\t\t<\/div>\n\t\t\t\t\t\t<\/div>\n\t\t\t\t<\/div>\n\t\t<div class=\"elementor-element elementor-element-0948ed8 e-con-full e-flex e-con e-child\" data-id=\"0948ed8\" data-element_type=\"container\">\n\t\t\t\t<div class=\"elementor-element elementor-element-7255030 elementor-widget elementor-widget-heading\" data-id=\"7255030\" data-element_type=\"widget\" data-widget_type=\"heading.default\">\n\t\t\t\t<div class=\"elementor-widget-container\">\n\t\t\t\t\t<h2 class=\"elementor-heading-title elementor-size-default\">Jueves -S\u00e1bado<\/h2>\t\t\t\t<\/div>\n\t\t\t\t<\/div>\n\t\t\t\t<div class=\"elementor-element elementor-element-0a44fce elementor-widget elementor-widget-heading\" data-id=\"0a44fce\" data-element_type=\"widget\" data-widget_type=\"heading.default\">\n\t\t\t\t<div class=\"elementor-widget-container\">\n\t\t\t\t\t<h2 class=\"elementor-heading-title elementor-size-default\">11:30 a 01:30<\/h2>\t\t\t\t<\/div>\n\t\t\t\t<\/div>\n\t\t\t\t<\/div>\n\t\t\t\t<\/div>\n\t\t\t\t<div class=\"elementor-element elementor-element-656754c elementor-widget elementor-widget-heading\" data-id=\"656754c\" data-element_type=\"widget\" data-widget_type=\"heading.default\">\n\t\t\t\t<div class=\"elementor-widget-container\">\n\t\t\t\t\t<h2 class=\"elementor-heading-title elementor-size-default\">Book your table at Ca\u00f1as y Tapas Goya<\/h2>\t\t\t\t<\/div>\n\t\t\t\t<\/div>\n\t\t\t\t<div class=\"elementor-element elementor-element-0d4b24e elementor-align-center animated-slow elementor-invisible elementor-widget elementor-widget-button\" data-id=\"0d4b24e\" data-element_type=\"widget\" data-settings=\"{&quot;_animation&quot;:&quot;fadeIn&quot;}\" data-widget_type=\"button.default\">\n\t\t\t\t<div class=\"elementor-widget-container\">\n\t\t\t\t\t\t\t\t\t<div class=\"elementor-button-wrapper\">\n\t\t\t\t\t<a class=\"elementor-button elementor-button-link elementor-size-sm\" href=\"tel:\/\/671712535\">\n\t\t\t\t\t\t<span class=\"elementor-button-content-wrapper\">\n\t\t\t\t\t\t\t\t\t<span class=\"elementor-button-text\">Call<\/span>\n\t\t\t\t\t<\/span>\n\t\t\t\t\t<\/a>\n\t\t\t\t<\/div>\n\t\t\t\t\t\t\t\t<\/div>\n\t\t\t\t<\/div>\n\t\t\t\t\t<\/div>\n\t\t\t\t<\/div>\n\t\t<div class=\"elementor-element elementor-element-4a6e788 e-flex e-con-boxed e-con e-parent\" data-id=\"4a6e788\" data-element_type=\"container\">\n\t\t\t\t\t<div class=\"e-con-inner\">\n\t\t\t\t<div class=\"elementor-element elementor-element-89d4234 elementor-widget elementor-widget-google_maps\" data-id=\"89d4234\" data-element_type=\"widget\" data-widget_type=\"google_maps.default\">\n\t\t\t\t<div class=\"elementor-widget-container\">\n\t\t\t\t\t\t\t<div class=\"elementor-custom-embed\">\n\t\t\t<iframe loading=\"lazy\"\n\t\t\t\t\tsrc=\"https:\/\/maps.google.com\/maps?q=Calle%20de%20Goya%2082%2C%2028009%20Madrid%2C%20Espa%C3%B1a&#038;t=m&#038;z=10&#038;output=embed&#038;iwloc=near\"\n\t\t\t\t\ttitle=\"Calle de Goya 82, 28009 Madrid, Espa\u00f1a\"\n\t\t\t\t\taria-label=\"Calle de Goya 82, 28009 Madrid, Espa\u00f1a\"\n\t\t\t><\/iframe>\n\t\t<\/div>\n\t\t\t\t\t\t<\/div>\n\t\t\t\t<\/div>\n\t\t\t\t\t<\/div>\n\t\t\t\t<\/div>\n\t\t\t\t<\/div>","protected":false},"excerpt":{"rendered":"<p>Goya Disfruta de la aut\u00e9ntica gastronom\u00eda espa\u00f1ola con los mejores ingredientes locales. Calle de Goya 82, 28009 Madrid, Espa\u00f1a Horario Domingo &#8211; Mi\u00e9rcoles 11:30 a 00:30 Jueves -S\u00e1bado 11:30 a 01:30 Reserva tu mesa en Ca\u00f1as y Tapas Goya Llamar<\/p>","protected":false},"author":4,"featured_media":0,"parent":0,"menu_order":0,"comment_status":"closed","ping_status":"closed","template":"","meta":{"inline_featured_image":false,"footnotes":""},"class_list":["post-500","page","type-page","status-publish","hentry"],"yoast_head":"<!-- This site is optimized with the Yoast SEO plugin v24.6 - https:\/\/yoast.com\/wordpress\/plugins\/seo\/ -->\n<title>Goya - Home | Ca\u00f1as y Tapas<\/title>\n<meta name=\"robots\" content=\"index, follow, max-snippet:-1, max-image-preview:large, max-video-preview:-1\" \/>\n<link rel=\"canonical\" href=\"https:\/\/canasytapas.es\/en\/goya\/\" \/>\n<meta property=\"og:locale\" content=\"en_GB\" \/>\n<meta property=\"og:type\" content=\"article\" \/>\n<meta property=\"og:title\" content=\"Goya - Home | Ca\u00f1as y Tapas\" \/>\n<meta property=\"og:description\" content=\"Goya Disfruta de la aut\u00e9ntica gastronom\u00eda espa\u00f1ola con los mejores ingredientes locales. Calle de Goya 82, 28009 Madrid, Espa\u00f1a Horario Domingo &#8211; Mi\u00e9rcoles 11:30 a 00:30 Jueves -S\u00e1bado 11:30 a 01:30 Reserva tu mesa en Ca\u00f1as y Tapas Goya Llamar\" \/>\n<meta property=\"og:url\" content=\"https:\/\/canasytapas.es\/en\/goya\/\" \/>\n<meta property=\"og:site_name\" content=\"Home | Ca\u00f1as y Tapas\" \/>\n<meta property=\"article:modified_time\" content=\"2025-08-31T13:24:07+00:00\" \/>\n<meta name=\"twitter:card\" content=\"summary_large_image\" \/>\n<meta name=\"twitter:label1\" content=\"Estimated reading time\" \/>\n\t<meta name=\"twitter:data1\" content=\"1 minute\" \/>\n<script type=\"application\/ld+json\" class=\"yoast-schema-graph\">{\"@context\":\"https:\/\/schema.org\",\"@graph\":[{\"@type\":\"WebPage\",\"@id\":\"https:\/\/canasytapas.es\/goya\/\",\"url\":\"https:\/\/canasytapas.es\/goya\/\",\"name\":\"Goya - Home | Ca\u00f1as y Tapas\",\"isPartOf\":{\"@id\":\"https:\/\/canasytapas.es\/#website\"},\"datePublished\":\"2024-11-19T21:17:24+00:00\",\"dateModified\":\"2025-08-31T13:24:07+00:00\",\"breadcrumb\":{\"@id\":\"https:\/\/canasytapas.es\/goya\/#breadcrumb\"},\"inLanguage\":\"en-GB\",\"potentialAction\":[{\"@type\":\"ReadAction\",\"target\":[\"https:\/\/canasytapas.es\/goya\/\"]}]},{\"@type\":\"BreadcrumbList\",\"@id\":\"https:\/\/canasytapas.es\/goya\/#breadcrumb\",\"itemListElement\":[{\"@type\":\"ListItem\",\"position\":1,\"name\":\"Portada\",\"item\":\"https:\/\/canasytapas.es\/\"},{\"@type\":\"ListItem\",\"position\":2,\"name\":\"Goya\"}]},{\"@type\":\"WebSite\",\"@id\":\"https:\/\/canasytapas.es\/#website\",\"url\":\"https:\/\/canasytapas.es\/\",\"name\":\"Ca\u00f1as y Tapas\",\"description\":\"Experimenta la esencia de la gastronom\u00eda espa\u00f1ola en Ca\u00f1as y Tapas. Disfruta de aut\u00e9nticas tapas y raciones tradicionales en un ambiente acogedor.\",\"potentialAction\":[{\"@type\":\"SearchAction\",\"target\":{\"@type\":\"EntryPoint\",\"urlTemplate\":\"https:\/\/canasytapas.es\/?s={search_term_string}\"},\"query-input\":{\"@type\":\"PropertyValueSpecification\",\"valueRequired\":true,\"valueName\":\"search_term_string\"}}],\"inLanguage\":\"en-GB\"}]}<\/script>\n<!-- \/ Yoast SEO plugin. -->","yoast_head_json":{"title":"Goya - Home | Ca\u00f1as y Tapas","robots":{"index":"index","follow":"follow","max-snippet":"max-snippet:-1","max-image-preview":"max-image-preview:large","max-video-preview":"max-video-preview:-1"},"canonical":"https:\/\/canasytapas.es\/en\/goya\/","og_locale":"en_GB","og_type":"article","og_title":"Goya - Home | Ca\u00f1as y Tapas","og_description":"Goya Disfruta de la aut\u00e9ntica gastronom\u00eda espa\u00f1ola con los mejores ingredientes locales. Calle de Goya 82, 28009 Madrid, Espa\u00f1a Horario Domingo &#8211; Mi\u00e9rcoles 11:30 a 00:30 Jueves -S\u00e1bado 11:30 a 01:30 Reserva tu mesa en Ca\u00f1as y Tapas Goya Llamar","og_url":"https:\/\/canasytapas.es\/en\/goya\/","og_site_name":"Home | Ca\u00f1as y Tapas","article_modified_time":"2025-08-31T13:24:07+00:00","twitter_card":"summary_large_image","twitter_misc":{"Estimated reading time":"1 minute"},"schema":{"@context":"https:\/\/schema.org","@graph":[{"@type":"WebPage","@id":"https:\/\/canasytapas.es\/goya\/","url":"https:\/\/canasytapas.es\/goya\/","name":"Goya - Home | Ca\u00f1as y Tapas","isPartOf":{"@id":"https:\/\/canasytapas.es\/#website"},"datePublished":"2024-11-19T21:17:24+00:00","dateModified":"2025-08-31T13:24:07+00:00","breadcrumb":{"@id":"https:\/\/canasytapas.es\/goya\/#breadcrumb"},"inLanguage":"en-GB","potentialAction":[{"@type":"ReadAction","target":["https:\/\/canasytapas.es\/goya\/"]}]},{"@type":"BreadcrumbList","@id":"https:\/\/canasytapas.es\/goya\/#breadcrumb","itemListElement":[{"@type":"ListItem","position":1,"name":"Portada","item":"https:\/\/canasytapas.es\/"},{"@type":"ListItem","position":2,"name":"Goya"}]},{"@type":"WebSite","@id":"https:\/\/canasytapas.es\/#website","url":"https:\/\/canasytapas.es\/","name":"Ca\u00f1as y Tapas","description":"Experimenta la esencia de la gastronom\u00eda espa\u00f1ola en Ca\u00f1as y Tapas. Disfruta de aut\u00e9nticas tapas y raciones tradicionales en un ambiente acogedor.","potentialAction":[{"@type":"SearchAction","target":{"@type":"EntryPoint","urlTemplate":"https:\/\/canasytapas.es\/?s={search_term_string}"},"query-input":{"@type":"PropertyValueSpecification","valueRequired":true,"valueName":"search_term_string"}}],"inLanguage":"en-GB"}]}},"_links":{"self":[{"href":"https:\/\/canasytapas.es\/en\/wp-json\/wp\/v2\/pages\/500","targetHints":{"allow":["GET"]}}],"collection":[{"href":"https:\/\/canasytapas.es\/en\/wp-json\/wp\/v2\/pages"}],"about":[{"href":"https:\/\/canasytapas.es\/en\/wp-json\/wp\/v2\/types\/page"}],"author":[{"embeddable":true,"href":"https:\/\/canasytapas.es\/en\/wp-json\/wp\/v2\/users\/4"}],"replies":[{"embeddable":true,"href":"https:\/\/canasytapas.es\/en\/wp-json\/wp\/v2\/comments?post=500"}],"version-history":[{"count":48,"href":"https:\/\/canasytapas.es\/en\/wp-json\/wp\/v2\/pages\/500\/revisions"}],"predecessor-version":[{"id":5828,"href":"https:\/\/canasytapas.es\/en\/wp-json\/wp\/v2\/pages\/500\/revisions\/5828"}],"wp:attachment":[{"href":"https:\/\/canasytapas.es\/en\/wp-json\/wp\/v2\/media?parent=500"}],"curies":[{"name":"wp","href":"https:\/\/api.w.org\/{rel}","templated":true}]}}