{"id":471,"date":"2024-11-19T20:57:33","date_gmt":"2024-11-19T20:57:33","guid":{"rendered":"https:\/\/canasytapas.es\/?page_id=471"},"modified":"2025-01-21T13:03:49","modified_gmt":"2025-01-21T13:03:49","slug":"montera","status":"publish","type":"page","link":"https:\/\/canasytapas.es\/en\/montera\/","title":{"rendered":"Montera"},"content":{"rendered":"<div data-elementor-type=\"wp-page\" data-elementor-id=\"471\" class=\"elementor elementor-471\" data-elementor-post-type=\"page\">\n\t\t\t\t<div class=\"elementor-element elementor-element-d005a22 e-flex e-con-boxed e-con e-parent\" data-id=\"d005a22\" data-element_type=\"container\" data-settings=\"{&quot;background_background&quot;:&quot;slideshow&quot;,&quot;background_slideshow_gallery&quot;:[{&quot;id&quot;:834,&quot;url&quot;:&quot;https:\\\/\\\/canasytapas.es\\\/wp-content\\\/uploads\\\/2024\\\/11\\\/Montera-1-scaled.jpg&quot;},{&quot;id&quot;:835,&quot;url&quot;:&quot;https:\\\/\\\/canasytapas.es\\\/wp-content\\\/uploads\\\/2024\\\/11\\\/Montera-10-scaled.jpg&quot;},{&quot;id&quot;:836,&quot;url&quot;:&quot;https:\\\/\\\/canasytapas.es\\\/wp-content\\\/uploads\\\/2024\\\/11\\\/Montera-17-scaled.jpg&quot;},{&quot;id&quot;:838,&quot;url&quot;:&quot;https:\\\/\\\/canasytapas.es\\\/wp-content\\\/uploads\\\/2024\\\/11\\\/Montera-28-scaled.jpg&quot;},{&quot;id&quot;:4273,&quot;url&quot;:&quot;https:\\\/\\\/canasytapas.es\\\/wp-content\\\/uploads\\\/2025\\\/01\\\/Montera-24-scaled.jpg&quot;},{&quot;id&quot;:4271,&quot;url&quot;:&quot;https:\\\/\\\/canasytapas.es\\\/wp-content\\\/uploads\\\/2025\\\/01\\\/Montera-5-scaled.jpg&quot;},{&quot;id&quot;:4272,&quot;url&quot;:&quot;https:\\\/\\\/canasytapas.es\\\/wp-content\\\/uploads\\\/2025\\\/01\\\/Montera-16-scaled.jpg&quot;}],&quot;background_slideshow_slide_duration&quot;:2000,&quot;background_slideshow_loop&quot;:&quot;yes&quot;,&quot;background_slideshow_slide_transition&quot;:&quot;fade&quot;,&quot;background_slideshow_transition_duration&quot;:500}\">\n\t\t\t\t\t<div class=\"e-con-inner\">\n\t\t\t\t<div class=\"elementor-element elementor-element-150a603 animated-slow elementor-invisible elementor-widget elementor-widget-heading\" data-id=\"150a603\" data-element_type=\"widget\" data-settings=\"{&quot;_animation&quot;:&quot;fadeIn&quot;}\" data-widget_type=\"heading.default\">\n\t\t\t\t<div class=\"elementor-widget-container\">\n\t\t\t\t\t<h2 class=\"elementor-heading-title elementor-size-default\">Montera<\/h2>\t\t\t\t<\/div>\n\t\t\t\t<\/div>\n\t\t\t\t<div class=\"elementor-element elementor-element-abb7bed animated-slow elementor-invisible elementor-widget elementor-widget-text-editor\" data-id=\"abb7bed\" data-element_type=\"widget\" data-settings=\"{&quot;_animation&quot;:&quot;fadeIn&quot;}\" data-widget_type=\"text-editor.default\">\n\t\t\t\t<div class=\"elementor-widget-container\">\n\t\t\t\t\t\t\t\t\t<p>Enjoy authentic Spanish cuisine with the best local ingredients.<\/p>\t\t\t\t\t\t\t\t<\/div>\n\t\t\t\t<\/div>\n\t\t\t\t\t<\/div>\n\t\t\t\t<\/div>\n\t\t<div class=\"elementor-element elementor-element-155b689 e-flex e-con-boxed e-con e-parent\" data-id=\"155b689\" data-element_type=\"container\">\n\t\t\t\t\t<div class=\"e-con-inner\">\n\t\t<div class=\"elementor-element elementor-element-dae3170 e-con-full e-flex e-con e-child\" data-id=\"dae3170\" data-element_type=\"container\">\n\t\t\t\t<div class=\"elementor-element elementor-element-1fa0d5a elementor-widget elementor-widget-heading\" data-id=\"1fa0d5a\" data-element_type=\"widget\" data-widget_type=\"heading.default\">\n\t\t\t\t<div class=\"elementor-widget-container\">\n\t\t\t\t\t<h2 class=\"elementor-heading-title elementor-size-default\">C. de la Montera, 12, \n28013 Madrid, Espa\u00f1a<\/h2>\t\t\t\t<\/div>\n\t\t\t\t<\/div>\n\t\t\t\t<\/div>\n\t\t\t\t\t<\/div>\n\t\t\t\t<\/div>\n\t\t<div class=\"elementor-element elementor-element-58bdeae e-flex e-con-boxed e-con e-parent\" data-id=\"58bdeae\" data-element_type=\"container\" data-settings=\"{&quot;background_background&quot;:&quot;classic&quot;}\">\n\t\t\t\t\t<div class=\"e-con-inner\">\n\t\t<div class=\"elementor-element elementor-element-917bd1f e-con-full e-flex e-con e-child\" data-id=\"917bd1f\" data-element_type=\"container\">\n\t\t\t\t<div class=\"elementor-element elementor-element-829af49 elementor-widget elementor-widget-heading\" data-id=\"829af49\" data-element_type=\"widget\" data-widget_type=\"heading.default\">\n\t\t\t\t<div class=\"elementor-widget-container\">\n\t\t\t\t\t<h2 class=\"elementor-heading-title elementor-size-default\">Schedule<br><\/h2>\t\t\t\t<\/div>\n\t\t\t\t<\/div>\n\t\t<div class=\"elementor-element elementor-element-597a5e9 e-con-full e-flex e-con e-child\" data-id=\"597a5e9\" data-element_type=\"container\">\n\t\t\t\t<div class=\"elementor-element elementor-element-c275ec3 elementor-widget elementor-widget-heading\" data-id=\"c275ec3\" data-element_type=\"widget\" data-widget_type=\"heading.default\">\n\t\t\t\t<div class=\"elementor-widget-container\">\n\t\t\t\t\t<h2 class=\"elementor-heading-title elementor-size-default\"><br>Sunday- Thursday <\/h2>\t\t\t\t<\/div>\n\t\t\t\t<\/div>\n\t\t\t\t<div class=\"elementor-element elementor-element-067cdf3 elementor-widget elementor-widget-heading\" data-id=\"067cdf3\" data-element_type=\"widget\" data-widget_type=\"heading.default\">\n\t\t\t\t<div class=\"elementor-widget-container\">\n\t\t\t\t\t<h2 class=\"elementor-heading-title elementor-size-default\"><br>9:30 a 23:30<\/h2>\t\t\t\t<\/div>\n\t\t\t\t<\/div>\n\t\t\t\t<\/div>\n\t\t\t\t<div class=\"elementor-element elementor-element-d02e422 elementor-widget-divider--view-line elementor-widget elementor-widget-divider\" data-id=\"d02e422\" data-element_type=\"widget\" data-widget_type=\"divider.default\">\n\t\t\t\t<div class=\"elementor-widget-container\">\n\t\t\t\t\t\t\t<div class=\"elementor-divider\">\n\t\t\t<span class=\"elementor-divider-separator\">\n\t\t\t\t\t\t<\/span>\n\t\t<\/div>\n\t\t\t\t\t\t<\/div>\n\t\t\t\t<\/div>\n\t\t<div class=\"elementor-element elementor-element-8fb28eb e-con-full e-flex e-con e-child\" data-id=\"8fb28eb\" data-element_type=\"container\">\n\t\t\t\t<div class=\"elementor-element elementor-element-018604b elementor-widget elementor-widget-heading\" data-id=\"018604b\" data-element_type=\"widget\" data-widget_type=\"heading.default\">\n\t\t\t\t<div class=\"elementor-widget-container\">\n\t\t\t\t\t<h2 class=\"elementor-heading-title elementor-size-default\">Friday-Saturday<\/h2>\t\t\t\t<\/div>\n\t\t\t\t<\/div>\n\t\t\t\t<div class=\"elementor-element elementor-element-4a57178 elementor-widget elementor-widget-heading\" data-id=\"4a57178\" data-element_type=\"widget\" data-widget_type=\"heading.default\">\n\t\t\t\t<div class=\"elementor-widget-container\">\n\t\t\t\t\t<h2 class=\"elementor-heading-title elementor-size-default\">9:30 a 00:00<\/h2>\t\t\t\t<\/div>\n\t\t\t\t<\/div>\n\t\t\t\t<\/div>\n\t\t\t\t<\/div>\n\t\t\t\t<div class=\"elementor-element elementor-element-2031dad elementor-align-center animated-slow elementor-invisible elementor-widget elementor-widget-button\" data-id=\"2031dad\" data-element_type=\"widget\" data-settings=\"{&quot;_animation&quot;:&quot;fadeIn&quot;}\" data-widget_type=\"button.default\">\n\t\t\t\t<div class=\"elementor-widget-container\">\n\t\t\t\t\t\t\t\t\t<div class=\"elementor-button-wrapper\">\n\t\t\t\t\t<a class=\"elementor-button elementor-button-link elementor-size-sm\" href=\"tel:\/\/637437195\">\n\t\t\t\t\t\t<span class=\"elementor-button-content-wrapper\">\n\t\t\t\t\t\t\t\t\t<span class=\"elementor-button-text\">637 437 195<\/span>\n\t\t\t\t\t<\/span>\n\t\t\t\t\t<\/a>\n\t\t\t\t<\/div>\n\t\t\t\t\t\t\t\t<\/div>\n\t\t\t\t<\/div>\n\t\t\t\t<div class=\"elementor-element elementor-element-39e0aca elementor-widget elementor-widget-heading\" data-id=\"39e0aca\" data-element_type=\"widget\" data-widget_type=\"heading.default\">\n\t\t\t\t<div class=\"elementor-widget-container\">\n\t\t\t\t\t<h2 class=\"elementor-heading-title elementor-size-default\">Call us and make your reservation<\/h2>\t\t\t\t<\/div>\n\t\t\t\t<\/div>\n\t\t\t\t\t<\/div>\n\t\t\t\t<\/div>\n\t\t<div class=\"elementor-element elementor-element-fecaffa e-flex e-con-boxed e-con e-parent\" data-id=\"fecaffa\" data-element_type=\"container\">\n\t\t\t\t\t<div class=\"e-con-inner\">\n\t\t\t\t<div class=\"elementor-element elementor-element-895fcb9 elementor-widget elementor-widget-google_maps\" data-id=\"895fcb9\" data-element_type=\"widget\" data-widget_type=\"google_maps.default\">\n\t\t\t\t<div class=\"elementor-widget-container\">\n\t\t\t\t\t\t\t<div class=\"elementor-custom-embed\">\n\t\t\t<iframe loading=\"lazy\"\n\t\t\t\t\tsrc=\"https:\/\/maps.google.com\/maps?q=C.%20de%20la%20Montera%2C%2012%2C%2028013&#038;t=m&#038;z=10&#038;output=embed&#038;iwloc=near\"\n\t\t\t\t\ttitle=\"C. de la Montera, 12, 28013\"\n\t\t\t\t\taria-label=\"C. de la Montera, 12, 28013\"\n\t\t\t><\/iframe>\n\t\t<\/div>\n\t\t\t\t\t\t<\/div>\n\t\t\t\t<\/div>\n\t\t\t\t\t<\/div>\n\t\t\t\t<\/div>\n\t\t\t\t<\/div>","protected":false},"excerpt":{"rendered":"<p>Montera Disfruta de la aut\u00e9ntica gastronom\u00eda espa\u00f1ola con los mejores ingredientes locales. C. de la Montera, 12, 28013 Madrid, Espa\u00f1a Horario Domingo- Jueves 9:30 a 23:30 Viernes-S\u00e1bado 9:30 a 00:00 637 437 195 Ll\u00e1manos y haz tu reserva<\/p>","protected":false},"author":4,"featured_media":0,"parent":0,"menu_order":0,"comment_status":"closed","ping_status":"closed","template":"","meta":{"inline_featured_image":false,"footnotes":""},"class_list":["post-471","page","type-page","status-publish","hentry"],"yoast_head":"<!-- This site is optimized with the Yoast SEO plugin v24.6 - https:\/\/yoast.com\/wordpress\/plugins\/seo\/ -->\n<title>Montera - Home | Ca\u00f1as y Tapas<\/title>\n<meta name=\"robots\" content=\"index, follow, max-snippet:-1, max-image-preview:large, max-video-preview:-1\" \/>\n<link rel=\"canonical\" href=\"https:\/\/canasytapas.es\/en\/montera\/\" \/>\n<meta property=\"og:locale\" content=\"en_GB\" \/>\n<meta property=\"og:type\" content=\"article\" \/>\n<meta property=\"og:title\" content=\"Montera - Home | Ca\u00f1as y Tapas\" \/>\n<meta property=\"og:description\" content=\"Montera Disfruta de la aut\u00e9ntica gastronom\u00eda espa\u00f1ola con los mejores ingredientes locales. C. de la Montera, 12, 28013 Madrid, Espa\u00f1a Horario Domingo- Jueves 9:30 a 23:30 Viernes-S\u00e1bado 9:30 a 00:00 637 437 195 Ll\u00e1manos y haz tu reserva\" \/>\n<meta property=\"og:url\" content=\"https:\/\/canasytapas.es\/en\/montera\/\" \/>\n<meta property=\"og:site_name\" content=\"Home | Ca\u00f1as y Tapas\" \/>\n<meta property=\"article:modified_time\" content=\"2025-01-21T13:03:49+00:00\" \/>\n<meta name=\"twitter:card\" content=\"summary_large_image\" \/>\n<script type=\"application\/ld+json\" class=\"yoast-schema-graph\">{\"@context\":\"https:\/\/schema.org\",\"@graph\":[{\"@type\":\"WebPage\",\"@id\":\"https:\/\/canasytapas.es\/montera\/\",\"url\":\"https:\/\/canasytapas.es\/montera\/\",\"name\":\"Montera - Home | Ca\u00f1as y Tapas\",\"isPartOf\":{\"@id\":\"https:\/\/canasytapas.es\/#website\"},\"datePublished\":\"2024-11-19T20:57:33+00:00\",\"dateModified\":\"2025-01-21T13:03:49+00:00\",\"breadcrumb\":{\"@id\":\"https:\/\/canasytapas.es\/montera\/#breadcrumb\"},\"inLanguage\":\"en-GB\",\"potentialAction\":[{\"@type\":\"ReadAction\",\"target\":[\"https:\/\/canasytapas.es\/montera\/\"]}]},{\"@type\":\"BreadcrumbList\",\"@id\":\"https:\/\/canasytapas.es\/montera\/#breadcrumb\",\"itemListElement\":[{\"@type\":\"ListItem\",\"position\":1,\"name\":\"Portada\",\"item\":\"https:\/\/canasytapas.es\/\"},{\"@type\":\"ListItem\",\"position\":2,\"name\":\"Montera\"}]},{\"@type\":\"WebSite\",\"@id\":\"https:\/\/canasytapas.es\/#website\",\"url\":\"https:\/\/canasytapas.es\/\",\"name\":\"Ca\u00f1as y Tapas\",\"description\":\"Experimenta la esencia de la gastronom\u00eda espa\u00f1ola en Ca\u00f1as y Tapas. Disfruta de aut\u00e9nticas tapas y raciones tradicionales en un ambiente acogedor.\",\"potentialAction\":[{\"@type\":\"SearchAction\",\"target\":{\"@type\":\"EntryPoint\",\"urlTemplate\":\"https:\/\/canasytapas.es\/?s={search_term_string}\"},\"query-input\":{\"@type\":\"PropertyValueSpecification\",\"valueRequired\":true,\"valueName\":\"search_term_string\"}}],\"inLanguage\":\"en-GB\"}]}<\/script>\n<!-- \/ Yoast SEO plugin. -->","yoast_head_json":{"title":"Montera - Home | Ca\u00f1as y Tapas","robots":{"index":"index","follow":"follow","max-snippet":"max-snippet:-1","max-image-preview":"max-image-preview:large","max-video-preview":"max-video-preview:-1"},"canonical":"https:\/\/canasytapas.es\/en\/montera\/","og_locale":"en_GB","og_type":"article","og_title":"Montera - Home | Ca\u00f1as y Tapas","og_description":"Montera Disfruta de la aut\u00e9ntica gastronom\u00eda espa\u00f1ola con los mejores ingredientes locales. C. de la Montera, 12, 28013 Madrid, Espa\u00f1a Horario Domingo- Jueves 9:30 a 23:30 Viernes-S\u00e1bado 9:30 a 00:00 637 437 195 Ll\u00e1manos y haz tu reserva","og_url":"https:\/\/canasytapas.es\/en\/montera\/","og_site_name":"Home | Ca\u00f1as y Tapas","article_modified_time":"2025-01-21T13:03:49+00:00","twitter_card":"summary_large_image","schema":{"@context":"https:\/\/schema.org","@graph":[{"@type":"WebPage","@id":"https:\/\/canasytapas.es\/montera\/","url":"https:\/\/canasytapas.es\/montera\/","name":"Montera - Home | Ca\u00f1as y Tapas","isPartOf":{"@id":"https:\/\/canasytapas.es\/#website"},"datePublished":"2024-11-19T20:57:33+00:00","dateModified":"2025-01-21T13:03:49+00:00","breadcrumb":{"@id":"https:\/\/canasytapas.es\/montera\/#breadcrumb"},"inLanguage":"en-GB","potentialAction":[{"@type":"ReadAction","target":["https:\/\/canasytapas.es\/montera\/"]}]},{"@type":"BreadcrumbList","@id":"https:\/\/canasytapas.es\/montera\/#breadcrumb","itemListElement":[{"@type":"ListItem","position":1,"name":"Portada","item":"https:\/\/canasytapas.es\/"},{"@type":"ListItem","position":2,"name":"Montera"}]},{"@type":"WebSite","@id":"https:\/\/canasytapas.es\/#website","url":"https:\/\/canasytapas.es\/","name":"Ca\u00f1as y Tapas","description":"Experimenta la esencia de la gastronom\u00eda espa\u00f1ola en Ca\u00f1as y Tapas. Disfruta de aut\u00e9nticas tapas y raciones tradicionales en un ambiente acogedor.","potentialAction":[{"@type":"SearchAction","target":{"@type":"EntryPoint","urlTemplate":"https:\/\/canasytapas.es\/?s={search_term_string}"},"query-input":{"@type":"PropertyValueSpecification","valueRequired":true,"valueName":"search_term_string"}}],"inLanguage":"en-GB"}]}},"_links":{"self":[{"href":"https:\/\/canasytapas.es\/en\/wp-json\/wp\/v2\/pages\/471","targetHints":{"allow":["GET"]}}],"collection":[{"href":"https:\/\/canasytapas.es\/en\/wp-json\/wp\/v2\/pages"}],"about":[{"href":"https:\/\/canasytapas.es\/en\/wp-json\/wp\/v2\/types\/page"}],"author":[{"embeddable":true,"href":"https:\/\/canasytapas.es\/en\/wp-json\/wp\/v2\/users\/4"}],"replies":[{"embeddable":true,"href":"https:\/\/canasytapas.es\/en\/wp-json\/wp\/v2\/comments?post=471"}],"version-history":[{"count":27,"href":"https:\/\/canasytapas.es\/en\/wp-json\/wp\/v2\/pages\/471\/revisions"}],"predecessor-version":[{"id":4534,"href":"https:\/\/canasytapas.es\/en\/wp-json\/wp\/v2\/pages\/471\/revisions\/4534"}],"wp:attachment":[{"href":"https:\/\/canasytapas.es\/en\/wp-json\/wp\/v2\/media?parent=471"}],"curies":[{"name":"wp","href":"https:\/\/api.w.org\/{rel}","templated":true}]}}