{"id":415,"date":"2024-11-19T19:39:16","date_gmt":"2024-11-19T19:39:16","guid":{"rendered":"https:\/\/canasytapas.es\/?page_id=415"},"modified":"2025-08-31T13:21:08","modified_gmt":"2025-08-31T13:21:08","slug":"humilladero","status":"publish","type":"page","link":"https:\/\/canasytapas.es\/en\/humilladero\/","title":{"rendered":"Humilladero"},"content":{"rendered":"<div data-elementor-type=\"wp-page\" data-elementor-id=\"415\" class=\"elementor elementor-415\" data-elementor-post-type=\"page\">\n\t\t\t\t<div class=\"elementor-element elementor-element-b017712 e-flex e-con-boxed e-con e-parent\" data-id=\"b017712\" data-element_type=\"container\" data-settings=\"{&quot;background_background&quot;:&quot;slideshow&quot;,&quot;background_slideshow_gallery&quot;:[{&quot;id&quot;:3886,&quot;url&quot;:&quot;https:\\\/\\\/canasytapas.es\\\/wp-content\\\/uploads\\\/2025\\\/01\\\/IMG_0148-scaled.jpg&quot;},{&quot;id&quot;:3888,&quot;url&quot;:&quot;https:\\\/\\\/canasytapas.es\\\/wp-content\\\/uploads\\\/2025\\\/01\\\/IMG_6019-scaled.jpg&quot;},{&quot;id&quot;:3889,&quot;url&quot;:&quot;https:\\\/\\\/canasytapas.es\\\/wp-content\\\/uploads\\\/2025\\\/01\\\/IMG_0193-scaled.jpg&quot;},{&quot;id&quot;:3887,&quot;url&quot;:&quot;https:\\\/\\\/canasytapas.es\\\/wp-content\\\/uploads\\\/2025\\\/01\\\/IMG_0209-scaled.jpg&quot;},{&quot;id&quot;:3890,&quot;url&quot;:&quot;https:\\\/\\\/canasytapas.es\\\/wp-content\\\/uploads\\\/2025\\\/01\\\/IMG_5990-scaled.jpg&quot;}],&quot;background_slideshow_slide_duration&quot;:2000,&quot;background_slideshow_loop&quot;:&quot;yes&quot;,&quot;background_slideshow_slide_transition&quot;:&quot;fade&quot;,&quot;background_slideshow_transition_duration&quot;:500}\">\n\t\t\t\t\t<div class=\"e-con-inner\">\n\t\t\t\t<div class=\"elementor-element elementor-element-2306514 animated-slow elementor-invisible elementor-widget elementor-widget-heading\" data-id=\"2306514\" data-element_type=\"widget\" data-settings=\"{&quot;_animation&quot;:&quot;fadeIn&quot;}\" data-widget_type=\"heading.default\">\n\t\t\t\t<div class=\"elementor-widget-container\">\n\t\t\t\t\t<h2 class=\"elementor-heading-title elementor-size-default\">Plaza del Humilladero<\/h2>\t\t\t\t<\/div>\n\t\t\t\t<\/div>\n\t\t\t\t<div class=\"elementor-element elementor-element-c83c4cb animated-slow elementor-invisible elementor-widget elementor-widget-text-editor\" data-id=\"c83c4cb\" data-element_type=\"widget\" data-settings=\"{&quot;_animation&quot;:&quot;fadeIn&quot;}\" data-widget_type=\"text-editor.default\">\n\t\t\t\t<div class=\"elementor-widget-container\">\n\t\t\t\t\t\t\t\t\t<p>Enjoy authentic Spanish cuisine with the best local ingredients.<\/p>\t\t\t\t\t\t\t\t<\/div>\n\t\t\t\t<\/div>\n\t\t\t\t\t<\/div>\n\t\t\t\t<\/div>\n\t\t<div class=\"elementor-element elementor-element-ac86387 e-flex e-con-boxed e-con e-parent\" data-id=\"ac86387\" data-element_type=\"container\">\n\t\t\t\t\t<div class=\"e-con-inner\">\n\t\t<div class=\"elementor-element elementor-element-f6ff216 e-con-full e-flex e-con e-child\" data-id=\"f6ff216\" data-element_type=\"container\">\n\t\t\t\t<div class=\"elementor-element elementor-element-ab3b6be elementor-widget elementor-widget-heading\" data-id=\"ab3b6be\" data-element_type=\"widget\" data-widget_type=\"heading.default\">\n\t\t\t\t<div class=\"elementor-widget-container\">\n\t\t\t\t\t<h2 class=\"elementor-heading-title elementor-size-default\">Plaza del Humilladero, 4 <br>\nMadrid, Espa\u00f1a<\/h2>\t\t\t\t<\/div>\n\t\t\t\t<\/div>\n\t\t\t\t<\/div>\n\t\t\t\t\t<\/div>\n\t\t\t\t<\/div>\n\t\t<div class=\"elementor-element elementor-element-251f0b1 e-flex e-con-boxed e-con e-parent\" data-id=\"251f0b1\" data-element_type=\"container\" data-settings=\"{&quot;background_background&quot;:&quot;classic&quot;}\">\n\t\t\t\t\t<div class=\"e-con-inner\">\n\t\t<div class=\"elementor-element elementor-element-c10cbeb e-con-full e-flex e-con e-child\" data-id=\"c10cbeb\" data-element_type=\"container\">\n\t\t\t\t<div class=\"elementor-element elementor-element-5e23ddc elementor-widget elementor-widget-heading\" data-id=\"5e23ddc\" data-element_type=\"widget\" data-widget_type=\"heading.default\">\n\t\t\t\t<div class=\"elementor-widget-container\">\n\t\t\t\t\t<h2 class=\"elementor-heading-title elementor-size-default\">Schedule<br><\/h2>\t\t\t\t<\/div>\n\t\t\t\t<\/div>\n\t\t<div class=\"elementor-element elementor-element-b170565 e-con-full e-flex e-con e-child\" data-id=\"b170565\" data-element_type=\"container\">\n\t\t\t\t<div class=\"elementor-element elementor-element-4cea6d4 elementor-widget elementor-widget-heading\" data-id=\"4cea6d4\" data-element_type=\"widget\" data-widget_type=\"heading.default\">\n\t\t\t\t<div class=\"elementor-widget-container\">\n\t\t\t\t\t<h2 class=\"elementor-heading-title elementor-size-default\"><br>Monday - Thursday <\/h2>\t\t\t\t<\/div>\n\t\t\t\t<\/div>\n\t\t\t\t<div class=\"elementor-element elementor-element-8f2852e elementor-widget elementor-widget-heading\" data-id=\"8f2852e\" data-element_type=\"widget\" data-widget_type=\"heading.default\">\n\t\t\t\t<div class=\"elementor-widget-container\">\n\t\t\t\t\t<h2 class=\"elementor-heading-title elementor-size-default\"><br>12:00 a 00:00<\/h2>\t\t\t\t<\/div>\n\t\t\t\t<\/div>\n\t\t\t\t<\/div>\n\t\t\t\t<div class=\"elementor-element elementor-element-f97aca7 elementor-widget-divider--view-line elementor-widget elementor-widget-divider\" data-id=\"f97aca7\" data-element_type=\"widget\" data-widget_type=\"divider.default\">\n\t\t\t\t<div class=\"elementor-widget-container\">\n\t\t\t\t\t\t\t<div class=\"elementor-divider\">\n\t\t\t<span class=\"elementor-divider-separator\">\n\t\t\t\t\t\t<\/span>\n\t\t<\/div>\n\t\t\t\t\t\t<\/div>\n\t\t\t\t<\/div>\n\t\t<div class=\"elementor-element elementor-element-6b5f183 e-con-full e-flex e-con e-child\" data-id=\"6b5f183\" data-element_type=\"container\">\n\t\t\t\t<div class=\"elementor-element elementor-element-887a463 elementor-widget elementor-widget-heading\" data-id=\"887a463\" data-element_type=\"widget\" data-widget_type=\"heading.default\">\n\t\t\t\t<div class=\"elementor-widget-container\">\n\t\t\t\t\t<h2 class=\"elementor-heading-title elementor-size-default\">Friday<\/h2>\t\t\t\t<\/div>\n\t\t\t\t<\/div>\n\t\t\t\t<div class=\"elementor-element elementor-element-fdaf2e3 elementor-widget elementor-widget-heading\" data-id=\"fdaf2e3\" data-element_type=\"widget\" data-widget_type=\"heading.default\">\n\t\t\t\t<div class=\"elementor-widget-container\">\n\t\t\t\t\t<h2 class=\"elementor-heading-title elementor-size-default\">12:00 a 00:30<\/h2>\t\t\t\t<\/div>\n\t\t\t\t<\/div>\n\t\t\t\t<\/div>\n\t\t\t\t<div class=\"elementor-element elementor-element-0d681cf elementor-widget-divider--view-line elementor-widget elementor-widget-divider\" data-id=\"0d681cf\" data-element_type=\"widget\" data-widget_type=\"divider.default\">\n\t\t\t\t<div class=\"elementor-widget-container\">\n\t\t\t\t\t\t\t<div class=\"elementor-divider\">\n\t\t\t<span class=\"elementor-divider-separator\">\n\t\t\t\t\t\t<\/span>\n\t\t<\/div>\n\t\t\t\t\t\t<\/div>\n\t\t\t\t<\/div>\n\t\t<div class=\"elementor-element elementor-element-2cb4edb e-con-full e-flex e-con e-child\" data-id=\"2cb4edb\" data-element_type=\"container\">\n\t\t\t\t<div class=\"elementor-element elementor-element-2887fe1 elementor-widget elementor-widget-heading\" data-id=\"2887fe1\" data-element_type=\"widget\" data-widget_type=\"heading.default\">\n\t\t\t\t<div class=\"elementor-widget-container\">\n\t\t\t\t\t<h2 class=\"elementor-heading-title elementor-size-default\">Saturday<\/h2>\t\t\t\t<\/div>\n\t\t\t\t<\/div>\n\t\t\t\t<div class=\"elementor-element elementor-element-53ee78a elementor-widget elementor-widget-heading\" data-id=\"53ee78a\" data-element_type=\"widget\" data-widget_type=\"heading.default\">\n\t\t\t\t<div class=\"elementor-widget-container\">\n\t\t\t\t\t<h2 class=\"elementor-heading-title elementor-size-default\">11:30 a 01:00<\/h2>\t\t\t\t<\/div>\n\t\t\t\t<\/div>\n\t\t\t\t<\/div>\n\t\t\t\t<div class=\"elementor-element elementor-element-8e4285e elementor-widget-divider--view-line elementor-widget elementor-widget-divider\" data-id=\"8e4285e\" data-element_type=\"widget\" data-widget_type=\"divider.default\">\n\t\t\t\t<div class=\"elementor-widget-container\">\n\t\t\t\t\t\t\t<div class=\"elementor-divider\">\n\t\t\t<span class=\"elementor-divider-separator\">\n\t\t\t\t\t\t<\/span>\n\t\t<\/div>\n\t\t\t\t\t\t<\/div>\n\t\t\t\t<\/div>\n\t\t<div class=\"elementor-element elementor-element-ad36f8e e-con-full e-flex e-con e-child\" data-id=\"ad36f8e\" data-element_type=\"container\">\n\t\t\t\t<div class=\"elementor-element elementor-element-707e40a elementor-widget elementor-widget-heading\" data-id=\"707e40a\" data-element_type=\"widget\" data-widget_type=\"heading.default\">\n\t\t\t\t<div class=\"elementor-widget-container\">\n\t\t\t\t\t<h2 class=\"elementor-heading-title elementor-size-default\">Sunday<\/h2>\t\t\t\t<\/div>\n\t\t\t\t<\/div>\n\t\t\t\t<div class=\"elementor-element elementor-element-f489a65 elementor-widget elementor-widget-heading\" data-id=\"f489a65\" data-element_type=\"widget\" data-widget_type=\"heading.default\">\n\t\t\t\t<div class=\"elementor-widget-container\">\n\t\t\t\t\t<h2 class=\"elementor-heading-title elementor-size-default\">11:00 a 00:00<\/h2>\t\t\t\t<\/div>\n\t\t\t\t<\/div>\n\t\t\t\t<\/div>\n\t\t\t\t<\/div>\n\t\t\t\t<div class=\"elementor-element elementor-element-0cab6ef elementor-widget elementor-widget-heading\" data-id=\"0cab6ef\" data-element_type=\"widget\" data-widget_type=\"heading.default\">\n\t\t\t\t<div class=\"elementor-widget-container\">\n\t\t\t\t\t<h2 class=\"elementor-heading-title elementor-size-default\">Book your table at  Ca\u00f1as y Tapas Plaza del Humilladero<\/h2>\t\t\t\t<\/div>\n\t\t\t\t<\/div>\n\t\t\t\t<div class=\"elementor-element elementor-element-5aa84f1 elementor-align-center animated-slow elementor-invisible elementor-widget elementor-widget-button\" data-id=\"5aa84f1\" data-element_type=\"widget\" data-settings=\"{&quot;_animation&quot;:&quot;fadeIn&quot;}\" data-widget_type=\"button.default\">\n\t\t\t\t<div class=\"elementor-widget-container\">\n\t\t\t\t\t\t\t\t\t<div class=\"elementor-button-wrapper\">\n\t\t\t\t\t<a class=\"elementor-button elementor-button-link elementor-size-sm\" href=\"tel:\/\/919552962\">\n\t\t\t\t\t\t<span class=\"elementor-button-content-wrapper\">\n\t\t\t\t\t\t\t\t\t<span class=\"elementor-button-text\">Call<\/span>\n\t\t\t\t\t<\/span>\n\t\t\t\t\t<\/a>\n\t\t\t\t<\/div>\n\t\t\t\t\t\t\t\t<\/div>\n\t\t\t\t<\/div>\n\t\t\t\t\t<\/div>\n\t\t\t\t<\/div>\n\t\t<div class=\"elementor-element elementor-element-548a621 e-flex e-con-boxed e-con e-parent\" data-id=\"548a621\" data-element_type=\"container\">\n\t\t\t\t\t<div class=\"e-con-inner\">\n\t\t\t\t<div class=\"elementor-element elementor-element-e1a103b elementor-widget elementor-widget-google_maps\" data-id=\"e1a103b\" data-element_type=\"widget\" data-widget_type=\"google_maps.default\">\n\t\t\t\t<div class=\"elementor-widget-container\">\n\t\t\t\t\t\t\t<div class=\"elementor-custom-embed\">\n\t\t\t<iframe loading=\"lazy\"\n\t\t\t\t\tsrc=\"https:\/\/maps.google.com\/maps?q=Plaza%20del%20Humilladero%2C%204%2C%20madrid%20&#038;t=m&#038;z=10&#038;output=embed&#038;iwloc=near\"\n\t\t\t\t\ttitle=\"Plaza del Humilladero, 4, madrid \"\n\t\t\t\t\taria-label=\"Plaza del Humilladero, 4, madrid \"\n\t\t\t><\/iframe>\n\t\t<\/div>\n\t\t\t\t\t\t<\/div>\n\t\t\t\t<\/div>\n\t\t\t\t\t<\/div>\n\t\t\t\t<\/div>\n\t\t\t\t<\/div>","protected":false},"excerpt":{"rendered":"<p>Plaza del Humilladero Disfruta de la aut\u00e9ntica gastronom\u00eda espa\u00f1ola con los mejores ingredientes locales. Plaza del Humilladero, 4 Madrid, Espa\u00f1a Horario Lunes &#8211; Jueves 12:00 a 00:00 Viernes 12:00 a 00:30 S\u00e1bado 11:30 a 01:00 Domingo 11:00 a 00:00 Reserva tu mesa en Ca\u00f1as y Tapas Plaza del Humilladero Llamar<\/p>","protected":false},"author":4,"featured_media":0,"parent":0,"menu_order":0,"comment_status":"closed","ping_status":"closed","template":"","meta":{"inline_featured_image":false,"footnotes":""},"class_list":["post-415","page","type-page","status-publish","hentry"],"yoast_head":"<!-- This site is optimized with the Yoast SEO plugin v24.6 - https:\/\/yoast.com\/wordpress\/plugins\/seo\/ -->\n<title>Humilladero - Home | Ca\u00f1as y Tapas<\/title>\n<meta name=\"robots\" content=\"index, follow, max-snippet:-1, max-image-preview:large, max-video-preview:-1\" \/>\n<link rel=\"canonical\" href=\"https:\/\/canasytapas.es\/en\/humilladero\/\" \/>\n<meta property=\"og:locale\" content=\"en_GB\" \/>\n<meta property=\"og:type\" content=\"article\" \/>\n<meta property=\"og:title\" content=\"Humilladero - Home | Ca\u00f1as y Tapas\" \/>\n<meta property=\"og:description\" content=\"Plaza del Humilladero Disfruta de la aut\u00e9ntica gastronom\u00eda espa\u00f1ola con los mejores ingredientes locales. Plaza del Humilladero, 4 Madrid, Espa\u00f1a Horario Lunes &#8211; Jueves 12:00 a 00:00 Viernes 12:00 a 00:30 S\u00e1bado 11:30 a 01:00 Domingo 11:00 a 00:00 Reserva tu mesa en Ca\u00f1as y Tapas Plaza del Humilladero Llamar\" \/>\n<meta property=\"og:url\" content=\"https:\/\/canasytapas.es\/en\/humilladero\/\" \/>\n<meta property=\"og:site_name\" content=\"Home | Ca\u00f1as y Tapas\" \/>\n<meta property=\"article:modified_time\" content=\"2025-08-31T13:21:08+00:00\" \/>\n<meta name=\"twitter:card\" content=\"summary_large_image\" \/>\n<meta name=\"twitter:label1\" content=\"Estimated reading time\" \/>\n\t<meta name=\"twitter:data1\" content=\"1 minute\" \/>\n<script type=\"application\/ld+json\" class=\"yoast-schema-graph\">{\"@context\":\"https:\/\/schema.org\",\"@graph\":[{\"@type\":\"WebPage\",\"@id\":\"https:\/\/canasytapas.es\/humilladero\/\",\"url\":\"https:\/\/canasytapas.es\/humilladero\/\",\"name\":\"Humilladero - Home | Ca\u00f1as y Tapas\",\"isPartOf\":{\"@id\":\"https:\/\/canasytapas.es\/#website\"},\"datePublished\":\"2024-11-19T19:39:16+00:00\",\"dateModified\":\"2025-08-31T13:21:08+00:00\",\"breadcrumb\":{\"@id\":\"https:\/\/canasytapas.es\/humilladero\/#breadcrumb\"},\"inLanguage\":\"en-GB\",\"potentialAction\":[{\"@type\":\"ReadAction\",\"target\":[\"https:\/\/canasytapas.es\/humilladero\/\"]}]},{\"@type\":\"BreadcrumbList\",\"@id\":\"https:\/\/canasytapas.es\/humilladero\/#breadcrumb\",\"itemListElement\":[{\"@type\":\"ListItem\",\"position\":1,\"name\":\"Portada\",\"item\":\"https:\/\/canasytapas.es\/\"},{\"@type\":\"ListItem\",\"position\":2,\"name\":\"Humilladero\"}]},{\"@type\":\"WebSite\",\"@id\":\"https:\/\/canasytapas.es\/#website\",\"url\":\"https:\/\/canasytapas.es\/\",\"name\":\"Ca\u00f1as y Tapas\",\"description\":\"Experimenta la esencia de la gastronom\u00eda espa\u00f1ola en Ca\u00f1as y Tapas. Disfruta de aut\u00e9nticas tapas y raciones tradicionales en un ambiente acogedor.\",\"potentialAction\":[{\"@type\":\"SearchAction\",\"target\":{\"@type\":\"EntryPoint\",\"urlTemplate\":\"https:\/\/canasytapas.es\/?s={search_term_string}\"},\"query-input\":{\"@type\":\"PropertyValueSpecification\",\"valueRequired\":true,\"valueName\":\"search_term_string\"}}],\"inLanguage\":\"en-GB\"}]}<\/script>\n<!-- \/ Yoast SEO plugin. -->","yoast_head_json":{"title":"Humilladero - Home | Ca\u00f1as y Tapas","robots":{"index":"index","follow":"follow","max-snippet":"max-snippet:-1","max-image-preview":"max-image-preview:large","max-video-preview":"max-video-preview:-1"},"canonical":"https:\/\/canasytapas.es\/en\/humilladero\/","og_locale":"en_GB","og_type":"article","og_title":"Humilladero - Home | Ca\u00f1as y Tapas","og_description":"Plaza del Humilladero Disfruta de la aut\u00e9ntica gastronom\u00eda espa\u00f1ola con los mejores ingredientes locales. Plaza del Humilladero, 4 Madrid, Espa\u00f1a Horario Lunes &#8211; Jueves 12:00 a 00:00 Viernes 12:00 a 00:30 S\u00e1bado 11:30 a 01:00 Domingo 11:00 a 00:00 Reserva tu mesa en Ca\u00f1as y Tapas Plaza del Humilladero Llamar","og_url":"https:\/\/canasytapas.es\/en\/humilladero\/","og_site_name":"Home | Ca\u00f1as y Tapas","article_modified_time":"2025-08-31T13:21:08+00:00","twitter_card":"summary_large_image","twitter_misc":{"Estimated reading time":"1 minute"},"schema":{"@context":"https:\/\/schema.org","@graph":[{"@type":"WebPage","@id":"https:\/\/canasytapas.es\/humilladero\/","url":"https:\/\/canasytapas.es\/humilladero\/","name":"Humilladero - Home | Ca\u00f1as y Tapas","isPartOf":{"@id":"https:\/\/canasytapas.es\/#website"},"datePublished":"2024-11-19T19:39:16+00:00","dateModified":"2025-08-31T13:21:08+00:00","breadcrumb":{"@id":"https:\/\/canasytapas.es\/humilladero\/#breadcrumb"},"inLanguage":"en-GB","potentialAction":[{"@type":"ReadAction","target":["https:\/\/canasytapas.es\/humilladero\/"]}]},{"@type":"BreadcrumbList","@id":"https:\/\/canasytapas.es\/humilladero\/#breadcrumb","itemListElement":[{"@type":"ListItem","position":1,"name":"Portada","item":"https:\/\/canasytapas.es\/"},{"@type":"ListItem","position":2,"name":"Humilladero"}]},{"@type":"WebSite","@id":"https:\/\/canasytapas.es\/#website","url":"https:\/\/canasytapas.es\/","name":"Ca\u00f1as y Tapas","description":"Experimenta la esencia de la gastronom\u00eda espa\u00f1ola en Ca\u00f1as y Tapas. Disfruta de aut\u00e9nticas tapas y raciones tradicionales en un ambiente acogedor.","potentialAction":[{"@type":"SearchAction","target":{"@type":"EntryPoint","urlTemplate":"https:\/\/canasytapas.es\/?s={search_term_string}"},"query-input":{"@type":"PropertyValueSpecification","valueRequired":true,"valueName":"search_term_string"}}],"inLanguage":"en-GB"}]}},"_links":{"self":[{"href":"https:\/\/canasytapas.es\/en\/wp-json\/wp\/v2\/pages\/415","targetHints":{"allow":["GET"]}}],"collection":[{"href":"https:\/\/canasytapas.es\/en\/wp-json\/wp\/v2\/pages"}],"about":[{"href":"https:\/\/canasytapas.es\/en\/wp-json\/wp\/v2\/types\/page"}],"author":[{"embeddable":true,"href":"https:\/\/canasytapas.es\/en\/wp-json\/wp\/v2\/users\/4"}],"replies":[{"embeddable":true,"href":"https:\/\/canasytapas.es\/en\/wp-json\/wp\/v2\/comments?post=415"}],"version-history":[{"count":60,"href":"https:\/\/canasytapas.es\/en\/wp-json\/wp\/v2\/pages\/415\/revisions"}],"predecessor-version":[{"id":5822,"href":"https:\/\/canasytapas.es\/en\/wp-json\/wp\/v2\/pages\/415\/revisions\/5822"}],"wp:attachment":[{"href":"https:\/\/canasytapas.es\/en\/wp-json\/wp\/v2\/media?parent=415"}],"curies":[{"name":"wp","href":"https:\/\/api.w.org\/{rel}","templated":true}]}}