{"id":3,"date":"2024-11-13T16:09:48","date_gmt":"2024-11-13T16:09:48","guid":{"rendered":"https:\/\/canasytapas.es\/?page_id=3"},"modified":"2024-11-27T12:40:35","modified_gmt":"2024-11-27T12:40:35","slug":"privacy-policy","status":"publish","type":"page","link":"https:\/\/canasytapas.es\/en\/privacy-policy\/","title":{"rendered":"Privacy Policy"},"content":{"rendered":"<div data-elementor-type=\"wp-page\" data-elementor-id=\"3\" class=\"elementor elementor-3\" data-elementor-post-type=\"page\">\n\t\t\t\t<div class=\"elementor-element elementor-element-9353870 e-con-full e-flex e-con e-parent\" data-id=\"9353870\" data-element_type=\"container\">\n\t\t\t\t<\/div>\n\t\t<div class=\"elementor-element elementor-element-3bc70f54 e-flex e-con-boxed e-con e-parent\" data-id=\"3bc70f54\" data-element_type=\"container\">\n\t\t\t\t\t<div class=\"e-con-inner\">\n\t\t\t\t<div class=\"elementor-element elementor-element-ec3ef75 elementor-widget elementor-widget-heading\" data-id=\"ec3ef75\" data-element_type=\"widget\" data-widget_type=\"heading.default\">\n\t\t\t\t<div class=\"elementor-widget-container\">\n\t\t\t\t\t<h2 class=\"elementor-heading-title elementor-size-default\"><br>Privacy Policy<\/h2>\t\t\t\t<\/div>\n\t\t\t\t<\/div>\n\t\t\t\t<div class=\"elementor-element elementor-element-50083260 elementor-widget elementor-widget-text-editor\" data-id=\"50083260\" data-element_type=\"widget\" data-widget_type=\"text-editor.default\">\n\t\t\t\t<div class=\"elementor-widget-container\">\n\t\t\t\t\t\t\t\t\t\n<p>In compliance with the provisions of Regulation (EU) 2016\/679 of the European Parliament and of the Council of April 27, 2016 regarding the protection of natural persons with regard to the processing of personal data and the free circulation of these and In Organic Law 3\/2018, of December 5, on the Protection of Personal Data and guarantee of digital rights, as well as in its implementing regulations, we provide you with expanded information in this Privacy Policy.<\/p>\n\n<h3 class=\"wp-block-heading\">Who is responsible for the processing of your data<\/h3>\n\n<ul class=\"wp-block-list\">\n<li>Identity: Daily Food Ventures, S.L<\/li>\n\n<li>Adress: C\/ Sagasta N\u00ba 18 \u2013 3\u00aa Planta, 28004, Madrid.<\/li>\n\n<li>email: trabajaconnosotros@canasytapas.es<\/li>\n<\/ul>\n\n<h3 class=\"wp-block-heading\">For what purposes we process your personal data<\/h3>\n\n<p>At Daily Food Ventures, S.L. We process the information provided to us by interested parties in order to provide our tapas and beer restoration services.<\/p>\n\n<p>No automated decisions will be made based on the data provided.<\/p>\n\n<h3 class=\"wp-block-heading\">How long will we keep your data<\/h3>\n\n<p>The personal data provided will be kept for the time essential for the provision of the requested service or marketing of the product, as long as the interested party does not request its deletion and during the legally established periods.<\/p>\n\n<h3 class=\"wp-block-heading\">What is the legitimacy for the processing of your data?<\/h3>\n\n<p>The legal basis for the processing of your data will be, depending on the case, the consent of the interested party, the execution of a contract or legitimate interest.<\/p>\n\n<h3 class=\"wp-block-heading\">To which recipients your data will be communicated<\/h3>\n\n<p>The data will not be communicated to third parties except under legal obligation.<\/p>\n\n<h3 class=\"wp-block-heading\">The data will not be communicated to third parties except under legal obligation.<\/h3>\n\n<p>No data transfers to third countries are planned.<\/p>\n\n<h3 class=\"wp-block-heading\">What are your rights when you provide us with your data<\/h3>\n\n<p>Any person has the right to obtain information about whether Daily Food Ventures, S.L. We are processing personal data that concerns them, or not.<\/p>\n\n<p>Interested persons have the right to access their personal data, as well as to request the rectification of inaccurate data or, where appropriate, request its deletion when, among other reasons, the data is no longer necessary for the purposes for which it was collected. You also have the right to the portability of your data.<\/p>\n\n<p>In certain circumstances, interested parties may request the limitation of the processing of their data, in which case we will only keep them for the exercise or defense of claims.<\/p>\n\n<p>You may materially exercise your rights by sending an email totrabajoconnosotros@tapasycanas.es, duly identifying yourself and expressly indicating the specific right you wish to exercise.<\/p>\n\n<p>If you have given your consent for a specific purpose, you have the right to withdraw the consent given at any time, without affecting the legality of the processing based on the consent prior to its withdrawal.<\/p>\n\n<p>If you feel your rights have been violated regarding the protection of your personal data, especially when you have not obtained satisfaction in the exercise of your rights, you can contact the Data Protection Officer, if designated, or file a complaint. before the competent Data Protection Control Authority through its website: www.aepd.es<\/p>\n\n<h3 class=\"wp-block-heading\">More information about the processing of your data<\/h3>\n\n<p>When we need to obtain information from you, we will always ask you to provide it to us voluntarily by expressly giving your consent through the means enabled for this purpose.<\/p>\n\n<p>The processing of data collected through the data collection forms on the website or other means will be incorporated into the Register of Processing Activities for which Daily Food Ventures, S.L. is responsible.<\/p>\n\n<p>Daily Food Ventures, S.L. treats the data confidentially and adopts the appropriate technical and organizational measures to guarantee the level of security appropriate to the processing, in compliance with the requirements of Regulation (EU) 2016\/679 of the European Parliament and of the Council of April 27, 2016. and other applicable regulations regarding Data Protection.<\/p>\n\n<p>However, Daily Food Ventures, S.L. cannot guarantee the absolute invulnerability of the systems, therefore, it does not assume any responsibility for damages derived from alterations that third parties may cause in the user's computer systems, electronic documents or files.<\/p>\n\n<p>If you choose to leave our website through links to websites not belonging to our entity, Daily Food Ventures, S.L. will not be responsible for the privacy policies of said websites or the cookies that they may store on the user's computer.<\/p>\n\t\t\t\t\t\t\t\t<\/div>\n\t\t\t\t<\/div>\n\t\t\t\t\t<\/div>\n\t\t\t\t<\/div>\n\t\t\t\t<\/div>","protected":false},"excerpt":{"rendered":"<p>Pol\u00edtica de Privacidad En cumplimiento de lo establecido en el Reglamento (UE) 2016\/679 del Parlamento Europeo y del Consejo de 27 de abril de 2016 relativo a la protecci\u00f3n de las personas f\u00edsicas en lo que respecta al tratamiento de datos personales y a la libre circulaci\u00f3n de estos y en la Ley Org\u00e1nica 3\/2018, [&hellip;]<\/p>","protected":false},"author":4,"featured_media":0,"parent":0,"menu_order":0,"comment_status":"closed","ping_status":"open","template":"","meta":{"inline_featured_image":false,"footnotes":""},"class_list":["post-3","page","type-page","status-publish","hentry"],"yoast_head":"<!-- This site is optimized with the Yoast SEO plugin v24.6 - https:\/\/yoast.com\/wordpress\/plugins\/seo\/ -->\n<title>Pol\u00edtica de Privacidad - Home | Ca\u00f1as y Tapas<\/title>\n<meta name=\"robots\" content=\"index, follow, max-snippet:-1, max-image-preview:large, max-video-preview:-1\" \/>\n<link rel=\"canonical\" href=\"https:\/\/canasytapas.es\/en\/privacy-policy\/\" \/>\n<meta property=\"og:locale\" content=\"en_GB\" \/>\n<meta property=\"og:type\" content=\"article\" \/>\n<meta property=\"og:title\" content=\"Pol\u00edtica de Privacidad - Home | Ca\u00f1as y Tapas\" \/>\n<meta property=\"og:description\" content=\"Pol\u00edtica de Privacidad En cumplimiento de lo establecido en el Reglamento (UE) 2016\/679 del Parlamento Europeo y del Consejo de 27 de abril de 2016 relativo a la protecci\u00f3n de las personas f\u00edsicas en lo que respecta al tratamiento de datos personales y a la libre circulaci\u00f3n de estos y en la Ley Org\u00e1nica 3\/2018, [&hellip;]\" \/>\n<meta property=\"og:url\" content=\"https:\/\/canasytapas.es\/en\/privacy-policy\/\" \/>\n<meta property=\"og:site_name\" content=\"Home | Ca\u00f1as y Tapas\" \/>\n<meta property=\"article:modified_time\" content=\"2024-11-27T12:40:35+00:00\" \/>\n<meta name=\"twitter:card\" content=\"summary_large_image\" \/>\n<meta name=\"twitter:label1\" content=\"Estimated reading time\" \/>\n\t<meta name=\"twitter:data1\" content=\"4 minutes\" \/>\n<script type=\"application\/ld+json\" class=\"yoast-schema-graph\">{\"@context\":\"https:\/\/schema.org\",\"@graph\":[{\"@type\":\"WebPage\",\"@id\":\"https:\/\/canasytapas.es\/privacy-policy\/\",\"url\":\"https:\/\/canasytapas.es\/privacy-policy\/\",\"name\":\"Pol\u00edtica de Privacidad - Home | Ca\u00f1as y Tapas\",\"isPartOf\":{\"@id\":\"https:\/\/canasytapas.es\/#website\"},\"datePublished\":\"2024-11-13T16:09:48+00:00\",\"dateModified\":\"2024-11-27T12:40:35+00:00\",\"breadcrumb\":{\"@id\":\"https:\/\/canasytapas.es\/privacy-policy\/#breadcrumb\"},\"inLanguage\":\"en-GB\",\"potentialAction\":[{\"@type\":\"ReadAction\",\"target\":[\"https:\/\/canasytapas.es\/privacy-policy\/\"]}]},{\"@type\":\"BreadcrumbList\",\"@id\":\"https:\/\/canasytapas.es\/privacy-policy\/#breadcrumb\",\"itemListElement\":[{\"@type\":\"ListItem\",\"position\":1,\"name\":\"Portada\",\"item\":\"https:\/\/canasytapas.es\/\"},{\"@type\":\"ListItem\",\"position\":2,\"name\":\"Pol\u00edtica de Privacidad\"}]},{\"@type\":\"WebSite\",\"@id\":\"https:\/\/canasytapas.es\/#website\",\"url\":\"https:\/\/canasytapas.es\/\",\"name\":\"Ca\u00f1as y Tapas\",\"description\":\"Experimenta la esencia de la gastronom\u00eda espa\u00f1ola en Ca\u00f1as y Tapas. Disfruta de aut\u00e9nticas tapas y raciones tradicionales en un ambiente acogedor.\",\"potentialAction\":[{\"@type\":\"SearchAction\",\"target\":{\"@type\":\"EntryPoint\",\"urlTemplate\":\"https:\/\/canasytapas.es\/?s={search_term_string}\"},\"query-input\":{\"@type\":\"PropertyValueSpecification\",\"valueRequired\":true,\"valueName\":\"search_term_string\"}}],\"inLanguage\":\"en-GB\"}]}<\/script>\n<!-- \/ Yoast SEO plugin. -->","yoast_head_json":{"title":"Pol\u00edtica de Privacidad - Home | Ca\u00f1as y Tapas","robots":{"index":"index","follow":"follow","max-snippet":"max-snippet:-1","max-image-preview":"max-image-preview:large","max-video-preview":"max-video-preview:-1"},"canonical":"https:\/\/canasytapas.es\/en\/privacy-policy\/","og_locale":"en_GB","og_type":"article","og_title":"Pol\u00edtica de Privacidad - Home | Ca\u00f1as y Tapas","og_description":"Pol\u00edtica de Privacidad En cumplimiento de lo establecido en el Reglamento (UE) 2016\/679 del Parlamento Europeo y del Consejo de 27 de abril de 2016 relativo a la protecci\u00f3n de las personas f\u00edsicas en lo que respecta al tratamiento de datos personales y a la libre circulaci\u00f3n de estos y en la Ley Org\u00e1nica 3\/2018, [&hellip;]","og_url":"https:\/\/canasytapas.es\/en\/privacy-policy\/","og_site_name":"Home | Ca\u00f1as y Tapas","article_modified_time":"2024-11-27T12:40:35+00:00","twitter_card":"summary_large_image","twitter_misc":{"Estimated reading time":"4 minutes"},"schema":{"@context":"https:\/\/schema.org","@graph":[{"@type":"WebPage","@id":"https:\/\/canasytapas.es\/privacy-policy\/","url":"https:\/\/canasytapas.es\/privacy-policy\/","name":"Pol\u00edtica de Privacidad - Home | Ca\u00f1as y Tapas","isPartOf":{"@id":"https:\/\/canasytapas.es\/#website"},"datePublished":"2024-11-13T16:09:48+00:00","dateModified":"2024-11-27T12:40:35+00:00","breadcrumb":{"@id":"https:\/\/canasytapas.es\/privacy-policy\/#breadcrumb"},"inLanguage":"en-GB","potentialAction":[{"@type":"ReadAction","target":["https:\/\/canasytapas.es\/privacy-policy\/"]}]},{"@type":"BreadcrumbList","@id":"https:\/\/canasytapas.es\/privacy-policy\/#breadcrumb","itemListElement":[{"@type":"ListItem","position":1,"name":"Portada","item":"https:\/\/canasytapas.es\/"},{"@type":"ListItem","position":2,"name":"Pol\u00edtica de Privacidad"}]},{"@type":"WebSite","@id":"https:\/\/canasytapas.es\/#website","url":"https:\/\/canasytapas.es\/","name":"Ca\u00f1as y Tapas","description":"Experimenta la esencia de la gastronom\u00eda espa\u00f1ola en Ca\u00f1as y Tapas. Disfruta de aut\u00e9nticas tapas y raciones tradicionales en un ambiente acogedor.","potentialAction":[{"@type":"SearchAction","target":{"@type":"EntryPoint","urlTemplate":"https:\/\/canasytapas.es\/?s={search_term_string}"},"query-input":{"@type":"PropertyValueSpecification","valueRequired":true,"valueName":"search_term_string"}}],"inLanguage":"en-GB"}]}},"_links":{"self":[{"href":"https:\/\/canasytapas.es\/en\/wp-json\/wp\/v2\/pages\/3","targetHints":{"allow":["GET"]}}],"collection":[{"href":"https:\/\/canasytapas.es\/en\/wp-json\/wp\/v2\/pages"}],"about":[{"href":"https:\/\/canasytapas.es\/en\/wp-json\/wp\/v2\/types\/page"}],"author":[{"embeddable":true,"href":"https:\/\/canasytapas.es\/en\/wp-json\/wp\/v2\/users\/4"}],"replies":[{"embeddable":true,"href":"https:\/\/canasytapas.es\/en\/wp-json\/wp\/v2\/comments?post=3"}],"version-history":[{"count":30,"href":"https:\/\/canasytapas.es\/en\/wp-json\/wp\/v2\/pages\/3\/revisions"}],"predecessor-version":[{"id":1418,"href":"https:\/\/canasytapas.es\/en\/wp-json\/wp\/v2\/pages\/3\/revisions\/1418"}],"wp:attachment":[{"href":"https:\/\/canasytapas.es\/en\/wp-json\/wp\/v2\/media?parent=3"}],"curies":[{"name":"wp","href":"https:\/\/api.w.org\/{rel}","templated":true}]}}