{"id":2814,"date":"2024-12-12T13:06:58","date_gmt":"2024-12-12T13:06:58","guid":{"rendered":"https:\/\/canasytapas.es\/?page_id=2814"},"modified":"2025-01-21T13:09:43","modified_gmt":"2025-01-21T13:09:43","slug":"fuencarral","status":"publish","type":"page","link":"https:\/\/canasytapas.es\/en\/fuencarral\/","title":{"rendered":"Fuencarral"},"content":{"rendered":"<div data-elementor-type=\"wp-page\" data-elementor-id=\"2814\" class=\"elementor elementor-2814\" data-elementor-post-type=\"page\">\n\t\t\t\t<div class=\"elementor-element elementor-element-65dcea78 e-flex e-con-boxed e-con e-parent\" data-id=\"65dcea78\" data-element_type=\"container\" data-settings=\"{&quot;background_background&quot;:&quot;slideshow&quot;,&quot;background_slideshow_gallery&quot;:[{&quot;id&quot;:3854,&quot;url&quot;:&quot;https:\\\/\\\/canasytapas.es\\\/wp-content\\\/uploads\\\/2025\\\/01\\\/IMG_3611-scaled-1.webp&quot;},{&quot;id&quot;:3853,&quot;url&quot;:&quot;https:\\\/\\\/canasytapas.es\\\/wp-content\\\/uploads\\\/2025\\\/01\\\/IMG_3647-scaled.jpg&quot;},{&quot;id&quot;:3855,&quot;url&quot;:&quot;https:\\\/\\\/canasytapas.es\\\/wp-content\\\/uploads\\\/2025\\\/01\\\/IMG_2007-scaled.jpeg&quot;},{&quot;id&quot;:4372,&quot;url&quot;:&quot;https:\\\/\\\/canasytapas.es\\\/wp-content\\\/uploads\\\/2025\\\/01\\\/IMG_3629-1-scaled.jpg&quot;},{&quot;id&quot;:4371,&quot;url&quot;:&quot;https:\\\/\\\/canasytapas.es\\\/wp-content\\\/uploads\\\/2025\\\/01\\\/IMG_2026-1-scaled-1.webp&quot;},{&quot;id&quot;:4370,&quot;url&quot;:&quot;https:\\\/\\\/canasytapas.es\\\/wp-content\\\/uploads\\\/2025\\\/01\\\/IMG_1996-1.jpeg&quot;},{&quot;id&quot;:4373,&quot;url&quot;:&quot;https:\\\/\\\/canasytapas.es\\\/wp-content\\\/uploads\\\/2025\\\/01\\\/IMG_3710-1-scaled-1.webp&quot;}],&quot;background_slideshow_slide_duration&quot;:2000,&quot;background_slideshow_loop&quot;:&quot;yes&quot;,&quot;background_slideshow_slide_transition&quot;:&quot;fade&quot;,&quot;background_slideshow_transition_duration&quot;:500}\">\n\t\t\t\t\t<div class=\"e-con-inner\">\n\t\t\t\t<div class=\"elementor-element elementor-element-7f5f44ef animated-slow elementor-invisible elementor-widget elementor-widget-heading\" data-id=\"7f5f44ef\" data-element_type=\"widget\" data-settings=\"{&quot;_animation&quot;:&quot;fadeIn&quot;}\" data-widget_type=\"heading.default\">\n\t\t\t\t<div class=\"elementor-widget-container\">\n\t\t\t\t\t<h2 class=\"elementor-heading-title elementor-size-default\">C. de Fuencarral<\/h2>\t\t\t\t<\/div>\n\t\t\t\t<\/div>\n\t\t\t\t<div class=\"elementor-element elementor-element-67b59adf animated-slow elementor-invisible elementor-widget elementor-widget-text-editor\" data-id=\"67b59adf\" data-element_type=\"widget\" data-settings=\"{&quot;_animation&quot;:&quot;fadeIn&quot;}\" data-widget_type=\"text-editor.default\">\n\t\t\t\t<div class=\"elementor-widget-container\">\n\t\t\t\t\t\t\t\t\t<p>Enjoy authentic Spanish cuisine with the best local ingredients.<\/p>\t\t\t\t\t\t\t\t<\/div>\n\t\t\t\t<\/div>\n\t\t\t\t\t<\/div>\n\t\t\t\t<\/div>\n\t\t<div class=\"elementor-element elementor-element-8a2b49c e-flex e-con-boxed e-con e-parent\" data-id=\"8a2b49c\" data-element_type=\"container\">\n\t\t\t\t\t<div class=\"e-con-inner\">\n\t\t<div class=\"elementor-element elementor-element-190bbcbc e-con-full e-flex e-con e-child\" data-id=\"190bbcbc\" data-element_type=\"container\">\n\t\t\t\t<div class=\"elementor-element elementor-element-62675dbc elementor-widget elementor-widget-heading\" data-id=\"62675dbc\" data-element_type=\"widget\" data-widget_type=\"heading.default\">\n\t\t\t\t<div class=\"elementor-widget-container\">\n\t\t\t\t\t<h2 class=\"elementor-heading-title elementor-size-default\">C. de Fuencarral, 145, Chamber\u00ed <br>\nMadrid, Espa\u00f1a<\/h2>\t\t\t\t<\/div>\n\t\t\t\t<\/div>\n\t\t\t\t<\/div>\n\t\t\t\t\t<\/div>\n\t\t\t\t<\/div>\n\t\t<div class=\"elementor-element elementor-element-33b21674 e-flex e-con-boxed e-con e-parent\" data-id=\"33b21674\" data-element_type=\"container\" data-settings=\"{&quot;background_background&quot;:&quot;classic&quot;}\">\n\t\t\t\t\t<div class=\"e-con-inner\">\n\t\t<div class=\"elementor-element elementor-element-2baef6dc e-con-full e-flex e-con e-child\" data-id=\"2baef6dc\" data-element_type=\"container\">\n\t\t\t\t<div class=\"elementor-element elementor-element-2830ab0f elementor-widget elementor-widget-heading\" data-id=\"2830ab0f\" data-element_type=\"widget\" data-widget_type=\"heading.default\">\n\t\t\t\t<div class=\"elementor-widget-container\">\n\t\t\t\t\t<h2 class=\"elementor-heading-title elementor-size-default\">Schedule<br><\/h2>\t\t\t\t<\/div>\n\t\t\t\t<\/div>\n\t\t<div class=\"elementor-element elementor-element-6235114 e-con-full e-flex e-con e-child\" data-id=\"6235114\" data-element_type=\"container\">\n\t\t\t\t<div class=\"elementor-element elementor-element-7993910d elementor-widget elementor-widget-heading\" data-id=\"7993910d\" data-element_type=\"widget\" data-widget_type=\"heading.default\">\n\t\t\t\t<div class=\"elementor-widget-container\">\n\t\t\t\t\t<h2 class=\"elementor-heading-title elementor-size-default\"><br>Monday- Thursday <\/h2>\t\t\t\t<\/div>\n\t\t\t\t<\/div>\n\t\t\t\t<div class=\"elementor-element elementor-element-6a84d87d elementor-widget elementor-widget-heading\" data-id=\"6a84d87d\" data-element_type=\"widget\" data-widget_type=\"heading.default\">\n\t\t\t\t<div class=\"elementor-widget-container\">\n\t\t\t\t\t<h2 class=\"elementor-heading-title elementor-size-default\"><br>8:30 a 00:30<\/h2>\t\t\t\t<\/div>\n\t\t\t\t<\/div>\n\t\t\t\t<\/div>\n\t\t\t\t<div class=\"elementor-element elementor-element-287a994d elementor-widget-divider--view-line elementor-widget elementor-widget-divider\" data-id=\"287a994d\" data-element_type=\"widget\" data-widget_type=\"divider.default\">\n\t\t\t\t<div class=\"elementor-widget-container\">\n\t\t\t\t\t\t\t<div class=\"elementor-divider\">\n\t\t\t<span class=\"elementor-divider-separator\">\n\t\t\t\t\t\t<\/span>\n\t\t<\/div>\n\t\t\t\t\t\t<\/div>\n\t\t\t\t<\/div>\n\t\t<div class=\"elementor-element elementor-element-47495456 e-con-full e-flex e-con e-child\" data-id=\"47495456\" data-element_type=\"container\">\n\t\t\t\t<div class=\"elementor-element elementor-element-1015d16c elementor-widget elementor-widget-heading\" data-id=\"1015d16c\" data-element_type=\"widget\" data-widget_type=\"heading.default\">\n\t\t\t\t<div class=\"elementor-widget-container\">\n\t\t\t\t\t<h2 class=\"elementor-heading-title elementor-size-default\">Friday-Sunday<\/h2>\t\t\t\t<\/div>\n\t\t\t\t<\/div>\n\t\t\t\t<div class=\"elementor-element elementor-element-10eaebcd elementor-widget elementor-widget-heading\" data-id=\"10eaebcd\" data-element_type=\"widget\" data-widget_type=\"heading.default\">\n\t\t\t\t<div class=\"elementor-widget-container\">\n\t\t\t\t\t<h2 class=\"elementor-heading-title elementor-size-default\">8:30 a 01:30<\/h2>\t\t\t\t<\/div>\n\t\t\t\t<\/div>\n\t\t\t\t<\/div>\n\t\t\t\t<\/div>\n\t\t\t\t<div class=\"elementor-element elementor-element-5063d520 elementor-align-center animated-slow elementor-invisible elementor-widget elementor-widget-button\" data-id=\"5063d520\" data-element_type=\"widget\" data-settings=\"{&quot;_animation&quot;:&quot;fadeIn&quot;}\" data-widget_type=\"button.default\">\n\t\t\t\t<div class=\"elementor-widget-container\">\n\t\t\t\t\t\t\t\t\t<div class=\"elementor-button-wrapper\">\n\t\t\t\t\t<a class=\"elementor-button elementor-button-link elementor-size-sm\" href=\"tel:\/\/671712214\">\n\t\t\t\t\t\t<span class=\"elementor-button-content-wrapper\">\n\t\t\t\t\t\t\t\t\t<span class=\"elementor-button-text\">671 71 22 14<\/span>\n\t\t\t\t\t<\/span>\n\t\t\t\t\t<\/a>\n\t\t\t\t<\/div>\n\t\t\t\t\t\t\t\t<\/div>\n\t\t\t\t<\/div>\n\t\t\t\t<div class=\"elementor-element elementor-element-363bccfd elementor-widget elementor-widget-heading\" data-id=\"363bccfd\" data-element_type=\"widget\" data-widget_type=\"heading.default\">\n\t\t\t\t<div class=\"elementor-widget-container\">\n\t\t\t\t\t<h2 class=\"elementor-heading-title elementor-size-default\">Call us and make your reservation<\/h2>\t\t\t\t<\/div>\n\t\t\t\t<\/div>\n\t\t\t\t\t<\/div>\n\t\t\t\t<\/div>\n\t\t<div class=\"elementor-element elementor-element-2464d4c e-flex e-con-boxed e-con e-parent\" data-id=\"2464d4c\" data-element_type=\"container\">\n\t\t\t\t\t<div class=\"e-con-inner\">\n\t\t\t\t<div class=\"elementor-element elementor-element-c7419d1 elementor-widget elementor-widget-google_maps\" data-id=\"c7419d1\" data-element_type=\"widget\" data-widget_type=\"google_maps.default\">\n\t\t\t\t<div class=\"elementor-widget-container\">\n\t\t\t\t\t\t\t<div class=\"elementor-custom-embed\">\n\t\t\t<iframe loading=\"lazy\"\n\t\t\t\t\tsrc=\"https:\/\/maps.google.com\/maps?q=C.%20de%20Fuencarral%2C%20145%2C%20Chamber%C3%AD%20Madrid%2C%20Espa%C3%B1a&#038;t=m&#038;z=10&#038;output=embed&#038;iwloc=near\"\n\t\t\t\t\ttitle=\"C. de Fuencarral, 145, Chamber\u00ed Madrid, Espa\u00f1a\"\n\t\t\t\t\taria-label=\"C. de Fuencarral, 145, Chamber\u00ed Madrid, Espa\u00f1a\"\n\t\t\t><\/iframe>\n\t\t<\/div>\n\t\t\t\t\t\t<\/div>\n\t\t\t\t<\/div>\n\t\t\t\t\t<\/div>\n\t\t\t\t<\/div>\n\t\t\t\t<\/div>","protected":false},"excerpt":{"rendered":"<p>C. de Fuencarral Disfruta de la aut\u00e9ntica gastronom\u00eda espa\u00f1ola con los mejores ingredientes locales. C. de Fuencarral, 145, Chamber\u00ed Madrid, Espa\u00f1a Horario Lunes- Jueves 8:30 a 00:30 Viernes-Domingo 8:30 a 01:30 671 71 22 14 Ll\u00e1manos y haz tu reserva<\/p>","protected":false},"author":4,"featured_media":0,"parent":0,"menu_order":0,"comment_status":"closed","ping_status":"closed","template":"","meta":{"inline_featured_image":false,"footnotes":""},"class_list":["post-2814","page","type-page","status-publish","hentry"],"yoast_head":"<!-- This site is optimized with the Yoast SEO plugin v24.6 - https:\/\/yoast.com\/wordpress\/plugins\/seo\/ -->\n<title>Fuencarral - Home | Ca\u00f1as y Tapas<\/title>\n<meta name=\"robots\" content=\"index, follow, max-snippet:-1, max-image-preview:large, max-video-preview:-1\" \/>\n<link rel=\"canonical\" href=\"https:\/\/canasytapas.es\/en\/fuencarral\/\" \/>\n<meta property=\"og:locale\" content=\"en_GB\" \/>\n<meta property=\"og:type\" content=\"article\" \/>\n<meta property=\"og:title\" content=\"Fuencarral - Home | Ca\u00f1as y Tapas\" \/>\n<meta property=\"og:description\" content=\"C. de Fuencarral Disfruta de la aut\u00e9ntica gastronom\u00eda espa\u00f1ola con los mejores ingredientes locales. C. de Fuencarral, 145, Chamber\u00ed Madrid, Espa\u00f1a Horario Lunes- Jueves 8:30 a 00:30 Viernes-Domingo 8:30 a 01:30 671 71 22 14 Ll\u00e1manos y haz tu reserva\" \/>\n<meta property=\"og:url\" content=\"https:\/\/canasytapas.es\/en\/fuencarral\/\" \/>\n<meta property=\"og:site_name\" content=\"Home | Ca\u00f1as y Tapas\" \/>\n<meta property=\"article:modified_time\" content=\"2025-01-21T13:09:43+00:00\" \/>\n<meta name=\"twitter:card\" content=\"summary_large_image\" \/>\n<script type=\"application\/ld+json\" class=\"yoast-schema-graph\">{\"@context\":\"https:\/\/schema.org\",\"@graph\":[{\"@type\":\"WebPage\",\"@id\":\"https:\/\/canasytapas.es\/fuencarral\/\",\"url\":\"https:\/\/canasytapas.es\/fuencarral\/\",\"name\":\"Fuencarral - Home | Ca\u00f1as y Tapas\",\"isPartOf\":{\"@id\":\"https:\/\/canasytapas.es\/#website\"},\"datePublished\":\"2024-12-12T13:06:58+00:00\",\"dateModified\":\"2025-01-21T13:09:43+00:00\",\"breadcrumb\":{\"@id\":\"https:\/\/canasytapas.es\/fuencarral\/#breadcrumb\"},\"inLanguage\":\"en-GB\",\"potentialAction\":[{\"@type\":\"ReadAction\",\"target\":[\"https:\/\/canasytapas.es\/fuencarral\/\"]}]},{\"@type\":\"BreadcrumbList\",\"@id\":\"https:\/\/canasytapas.es\/fuencarral\/#breadcrumb\",\"itemListElement\":[{\"@type\":\"ListItem\",\"position\":1,\"name\":\"Portada\",\"item\":\"https:\/\/canasytapas.es\/\"},{\"@type\":\"ListItem\",\"position\":2,\"name\":\"Fuencarral\"}]},{\"@type\":\"WebSite\",\"@id\":\"https:\/\/canasytapas.es\/#website\",\"url\":\"https:\/\/canasytapas.es\/\",\"name\":\"Ca\u00f1as y Tapas\",\"description\":\"Experimenta la esencia de la gastronom\u00eda espa\u00f1ola en Ca\u00f1as y Tapas. Disfruta de aut\u00e9nticas tapas y raciones tradicionales en un ambiente acogedor.\",\"potentialAction\":[{\"@type\":\"SearchAction\",\"target\":{\"@type\":\"EntryPoint\",\"urlTemplate\":\"https:\/\/canasytapas.es\/?s={search_term_string}\"},\"query-input\":{\"@type\":\"PropertyValueSpecification\",\"valueRequired\":true,\"valueName\":\"search_term_string\"}}],\"inLanguage\":\"en-GB\"}]}<\/script>\n<!-- \/ Yoast SEO plugin. -->","yoast_head_json":{"title":"Fuencarral - Home | Ca\u00f1as y Tapas","robots":{"index":"index","follow":"follow","max-snippet":"max-snippet:-1","max-image-preview":"max-image-preview:large","max-video-preview":"max-video-preview:-1"},"canonical":"https:\/\/canasytapas.es\/en\/fuencarral\/","og_locale":"en_GB","og_type":"article","og_title":"Fuencarral - Home | Ca\u00f1as y Tapas","og_description":"C. de Fuencarral Disfruta de la aut\u00e9ntica gastronom\u00eda espa\u00f1ola con los mejores ingredientes locales. C. de Fuencarral, 145, Chamber\u00ed Madrid, Espa\u00f1a Horario Lunes- Jueves 8:30 a 00:30 Viernes-Domingo 8:30 a 01:30 671 71 22 14 Ll\u00e1manos y haz tu reserva","og_url":"https:\/\/canasytapas.es\/en\/fuencarral\/","og_site_name":"Home | Ca\u00f1as y Tapas","article_modified_time":"2025-01-21T13:09:43+00:00","twitter_card":"summary_large_image","schema":{"@context":"https:\/\/schema.org","@graph":[{"@type":"WebPage","@id":"https:\/\/canasytapas.es\/fuencarral\/","url":"https:\/\/canasytapas.es\/fuencarral\/","name":"Fuencarral - Home | Ca\u00f1as y Tapas","isPartOf":{"@id":"https:\/\/canasytapas.es\/#website"},"datePublished":"2024-12-12T13:06:58+00:00","dateModified":"2025-01-21T13:09:43+00:00","breadcrumb":{"@id":"https:\/\/canasytapas.es\/fuencarral\/#breadcrumb"},"inLanguage":"en-GB","potentialAction":[{"@type":"ReadAction","target":["https:\/\/canasytapas.es\/fuencarral\/"]}]},{"@type":"BreadcrumbList","@id":"https:\/\/canasytapas.es\/fuencarral\/#breadcrumb","itemListElement":[{"@type":"ListItem","position":1,"name":"Portada","item":"https:\/\/canasytapas.es\/"},{"@type":"ListItem","position":2,"name":"Fuencarral"}]},{"@type":"WebSite","@id":"https:\/\/canasytapas.es\/#website","url":"https:\/\/canasytapas.es\/","name":"Ca\u00f1as y Tapas","description":"Experimenta la esencia de la gastronom\u00eda espa\u00f1ola en Ca\u00f1as y Tapas. Disfruta de aut\u00e9nticas tapas y raciones tradicionales en un ambiente acogedor.","potentialAction":[{"@type":"SearchAction","target":{"@type":"EntryPoint","urlTemplate":"https:\/\/canasytapas.es\/?s={search_term_string}"},"query-input":{"@type":"PropertyValueSpecification","valueRequired":true,"valueName":"search_term_string"}}],"inLanguage":"en-GB"}]}},"_links":{"self":[{"href":"https:\/\/canasytapas.es\/en\/wp-json\/wp\/v2\/pages\/2814","targetHints":{"allow":["GET"]}}],"collection":[{"href":"https:\/\/canasytapas.es\/en\/wp-json\/wp\/v2\/pages"}],"about":[{"href":"https:\/\/canasytapas.es\/en\/wp-json\/wp\/v2\/types\/page"}],"author":[{"embeddable":true,"href":"https:\/\/canasytapas.es\/en\/wp-json\/wp\/v2\/users\/4"}],"replies":[{"embeddable":true,"href":"https:\/\/canasytapas.es\/en\/wp-json\/wp\/v2\/comments?post=2814"}],"version-history":[{"count":31,"href":"https:\/\/canasytapas.es\/en\/wp-json\/wp\/v2\/pages\/2814\/revisions"}],"predecessor-version":[{"id":4555,"href":"https:\/\/canasytapas.es\/en\/wp-json\/wp\/v2\/pages\/2814\/revisions\/4555"}],"wp:attachment":[{"href":"https:\/\/canasytapas.es\/en\/wp-json\/wp\/v2\/media?parent=2814"}],"curies":[{"name":"wp","href":"https:\/\/api.w.org\/{rel}","templated":true}]}}