{"id":1246,"date":"2024-11-27T09:56:19","date_gmt":"2024-11-27T09:56:19","guid":{"rendered":"https:\/\/canasytapas.es\/?page_id=1246"},"modified":"2025-03-17T12:03:49","modified_gmt":"2025-03-17T12:03:49","slug":"carta-montera","status":"publish","type":"page","link":"https:\/\/canasytapas.es\/en\/carta-montera\/","title":{"rendered":"Landing Carta Montera"},"content":{"rendered":"<div data-elementor-type=\"wp-page\" data-elementor-id=\"1246\" class=\"elementor elementor-1246\" data-elementor-post-type=\"page\">\n\t\t\t\t<div class=\"elementor-element elementor-element-cd4366a e-con-full e-flex e-con e-parent\" data-id=\"cd4366a\" data-element_type=\"container\">\n\t\t\t\t<\/div>\n\t\t<div class=\"elementor-element elementor-element-12689a3c e-con-full e-flex e-con e-parent\" data-id=\"12689a3c\" data-element_type=\"container\">\n\t\t<div class=\"elementor-element elementor-element-38914136 e-con-full e-flex e-con e-child\" data-id=\"38914136\" data-element_type=\"container\" data-settings=\"{&quot;background_background&quot;:&quot;classic&quot;}\">\n\t\t<div class=\"elementor-element elementor-element-3c386e62 e-con-full e-flex e-con e-child\" data-id=\"3c386e62\" data-element_type=\"container\">\n\t\t\t\t<div class=\"elementor-element elementor-element-f2c4b6a elementor-widget-mobile__width-initial elementor-widget elementor-widget-image\" data-id=\"f2c4b6a\" data-element_type=\"widget\" data-widget_type=\"image.default\">\n\t\t\t\t<div class=\"elementor-widget-container\">\n\t\t\t\t\t\t\t\t\t\t\t\t\t\t\t<img fetchpriority=\"high\" decoding=\"async\" width=\"300\" height=\"169\" src=\"https:\/\/canasytapas.es\/wp-content\/uploads\/2024\/12\/2-300x169.png\" class=\"attachment-medium size-medium wp-image-2351\" alt=\"\" srcset=\"https:\/\/canasytapas.es\/wp-content\/uploads\/2024\/12\/2-300x169.png 300w, https:\/\/canasytapas.es\/wp-content\/uploads\/2024\/12\/2-1024x576.png 1024w, https:\/\/canasytapas.es\/wp-content\/uploads\/2024\/12\/2-768x432.png 768w, https:\/\/canasytapas.es\/wp-content\/uploads\/2024\/12\/2-1536x864.png 1536w, https:\/\/canasytapas.es\/wp-content\/uploads\/2024\/12\/2.png 1920w\" sizes=\"(max-width: 300px) 100vw, 300px\" \/>\t\t\t\t\t\t\t\t\t\t\t\t\t\t\t<\/div>\n\t\t\t\t<\/div>\n\t\t\t\t<\/div>\n\t\t\t\t<div class=\"elementor-element elementor-element-94822d8 elementor-align-center animated-slow elementor-invisible elementor-widget elementor-widget-button\" data-id=\"94822d8\" data-element_type=\"widget\" data-settings=\"{&quot;_animation&quot;:&quot;fadeIn&quot;}\" data-widget_type=\"button.default\">\n\t\t\t\t<div class=\"elementor-widget-container\">\n\t\t\t\t\t\t\t\t\t<div class=\"elementor-button-wrapper\">\n\t\t\t\t\t<a class=\"elementor-button elementor-button-link elementor-size-sm\" href=\"https:\/\/canasytapas.es\/wp-content\/uploads\/2025\/02\/Carta-Montera-Ingles-1.pdf\">\n\t\t\t\t\t\t<span class=\"elementor-button-content-wrapper\">\n\t\t\t\t\t\t\t\t\t<span class=\"elementor-button-text\">CARTA SAL\u00d3N<\/span>\n\t\t\t\t\t<\/span>\n\t\t\t\t\t<\/a>\n\t\t\t\t<\/div>\n\t\t\t\t\t\t\t\t<\/div>\n\t\t\t\t<\/div>\n\t\t\t\t<div class=\"elementor-element elementor-element-55228494 elementor-align-center animated-slow elementor-invisible elementor-widget elementor-widget-button\" data-id=\"55228494\" data-element_type=\"widget\" data-settings=\"{&quot;_animation&quot;:&quot;fadeIn&quot;}\" data-widget_type=\"button.default\">\n\t\t\t\t<div class=\"elementor-widget-container\">\n\t\t\t\t\t\t\t\t\t<div class=\"elementor-button-wrapper\">\n\t\t\t\t\t<a class=\"elementor-button elementor-button-link elementor-size-sm\" href=\"https:\/\/canasytapas.es\/wp-content\/uploads\/2025\/02\/Carta-Montera-Ingles-1.pdf\">\n\t\t\t\t\t\t<span class=\"elementor-button-content-wrapper\">\n\t\t\t\t\t\t\t\t\t<span class=\"elementor-button-text\">INDOOR MENU<\/span>\n\t\t\t\t\t<\/span>\n\t\t\t\t\t<\/a>\n\t\t\t\t<\/div>\n\t\t\t\t\t\t\t\t<\/div>\n\t\t\t\t<\/div>\n\t\t\t\t<div class=\"elementor-element elementor-element-23274947 elementor-align-center animated-slow elementor-invisible elementor-widget elementor-widget-button\" data-id=\"23274947\" data-element_type=\"widget\" data-settings=\"{&quot;_animation&quot;:&quot;fadeIn&quot;}\" data-widget_type=\"button.default\">\n\t\t\t\t<div class=\"elementor-widget-container\">\n\t\t\t\t\t\t\t\t\t<div class=\"elementor-button-wrapper\">\n\t\t\t\t\t<a class=\"elementor-button elementor-button-link elementor-size-sm\" href=\"https:\/\/canasytapas.es\/wp-content\/uploads\/2025\/02\/Carta-Montera-Espanol-Terraza-1.pdf\">\n\t\t\t\t\t\t<span class=\"elementor-button-content-wrapper\">\n\t\t\t\t\t\t\t\t\t<span class=\"elementor-button-text\">CARTA TERRAZA<\/span>\n\t\t\t\t\t<\/span>\n\t\t\t\t\t<\/a>\n\t\t\t\t<\/div>\n\t\t\t\t\t\t\t\t<\/div>\n\t\t\t\t<\/div>\n\t\t\t\t<div class=\"elementor-element elementor-element-dde0479 elementor-align-center animated-slow elementor-invisible elementor-widget elementor-widget-button\" data-id=\"dde0479\" data-element_type=\"widget\" data-settings=\"{&quot;_animation&quot;:&quot;fadeIn&quot;}\" data-widget_type=\"button.default\">\n\t\t\t\t<div class=\"elementor-widget-container\">\n\t\t\t\t\t\t\t\t\t<div class=\"elementor-button-wrapper\">\n\t\t\t\t\t<a class=\"elementor-button elementor-button-link elementor-size-sm\" href=\"https:\/\/canasytapas.es\/wp-content\/uploads\/2025\/02\/Carta-Montera-Ingles-Terraza-1.pdf\">\n\t\t\t\t\t\t<span class=\"elementor-button-content-wrapper\">\n\t\t\t\t\t\t\t\t\t<span class=\"elementor-button-text\">TERRACE MENU<\/span>\n\t\t\t\t\t<\/span>\n\t\t\t\t\t<\/a>\n\t\t\t\t<\/div>\n\t\t\t\t\t\t\t\t<\/div>\n\t\t\t\t<\/div>\n\t\t\t\t<div class=\"elementor-element elementor-element-0721b74 elementor-align-center animated-slow elementor-invisible elementor-widget elementor-widget-button\" data-id=\"0721b74\" data-element_type=\"widget\" data-settings=\"{&quot;_animation&quot;:&quot;fadeIn&quot;}\" data-widget_type=\"button.default\">\n\t\t\t\t<div class=\"elementor-widget-container\">\n\t\t\t\t\t\t\t\t\t<div class=\"elementor-button-wrapper\">\n\t\t\t\t\t<a class=\"elementor-button elementor-button-link elementor-size-sm\" href=\"https:\/\/canasytapas.es\/wp-content\/uploads\/2025\/02\/Carta-alergenos-Febrero-2025.pdf\">\n\t\t\t\t\t\t<span class=\"elementor-button-content-wrapper\">\n\t\t\t\t\t\t\t\t\t<span class=\"elementor-button-text\">AL\u00c9RGENOS<\/span>\n\t\t\t\t\t<\/span>\n\t\t\t\t\t<\/a>\n\t\t\t\t<\/div>\n\t\t\t\t\t\t\t\t<\/div>\n\t\t\t\t<\/div>\n\t\t<div class=\"elementor-element elementor-element-4f2a612e e-con-full e-flex e-con e-child\" data-id=\"4f2a612e\" data-element_type=\"container\">\n\t\t\t\t<div class=\"elementor-element elementor-element-46408b2a elementor-widget elementor-widget-text-editor\" data-id=\"46408b2a\" data-element_type=\"widget\" data-widget_type=\"text-editor.default\">\n\t\t\t\t<div class=\"elementor-widget-container\">\n\t\t\t\t\t\t\t\t\t<p>\u00a0<\/p><p style=\"text-align: center;\"><strong><span style=\"color: #ffffff;\">Montera<\/span><\/strong><\/p><p style=\"text-align: center;\"><span style=\"color: #ffffff;\">Calle de la Montera, 10<\/span><\/p>\t\t\t\t\t\t\t\t<\/div>\n\t\t\t\t<\/div>\n\t\t\t\t<\/div>\n\t\t\t\t<\/div>\n\t\t\t\t<\/div>\n\t\t\t\t<\/div>","protected":false},"excerpt":{"rendered":"<p>CARTA SAL\u00d3N INDOOR MENU CARTA TERRAZA TERRACE MENU AL\u00c9RGENOS \u00a0 Montera Calle de la Montera, 10<\/p>","protected":false},"author":4,"featured_media":0,"parent":0,"menu_order":0,"comment_status":"closed","ping_status":"closed","template":"elementor_header_footer","meta":{"inline_featured_image":false,"footnotes":""},"class_list":["post-1246","page","type-page","status-publish","hentry"],"yoast_head":"<!-- This site is optimized with the Yoast SEO plugin v24.6 - https:\/\/yoast.com\/wordpress\/plugins\/seo\/ -->\n<title>Landing Carta Montera - Home | Ca\u00f1as y Tapas<\/title>\n<meta name=\"robots\" content=\"noindex, follow\" \/>\n<meta property=\"og:locale\" content=\"en_GB\" \/>\n<meta property=\"og:type\" content=\"article\" \/>\n<meta property=\"og:title\" content=\"Landing Carta Montera - Home | Ca\u00f1as y Tapas\" \/>\n<meta property=\"og:description\" content=\"CARTA SAL\u00d3N INDOOR MENU CARTA TERRAZA TERRACE MENU AL\u00c9RGENOS \u00a0 Montera Calle de la Montera, 10\" \/>\n<meta property=\"og:url\" content=\"https:\/\/canasytapas.es\/en\/carta-montera\/\" \/>\n<meta property=\"og:site_name\" content=\"Home | Ca\u00f1as y Tapas\" \/>\n<meta property=\"article:modified_time\" content=\"2025-03-17T12:03:49+00:00\" \/>\n<meta property=\"og:image\" content=\"https:\/\/canasytapas.es\/wp-content\/uploads\/2024\/12\/2.png\" \/>\n\t<meta property=\"og:image:width\" content=\"1920\" \/>\n\t<meta property=\"og:image:height\" content=\"1080\" \/>\n\t<meta property=\"og:image:type\" content=\"image\/png\" \/>\n<meta name=\"twitter:card\" content=\"summary_large_image\" \/>\n<meta name=\"twitter:label1\" content=\"Estimated reading time\" \/>\n\t<meta name=\"twitter:data1\" content=\"1 minute\" \/>\n<script type=\"application\/ld+json\" class=\"yoast-schema-graph\">{\"@context\":\"https:\/\/schema.org\",\"@graph\":[{\"@type\":\"WebPage\",\"@id\":\"https:\/\/canasytapas.es\/carta-montera\/\",\"url\":\"https:\/\/canasytapas.es\/carta-montera\/\",\"name\":\"Landing Carta Montera - Home | Ca\u00f1as y Tapas\",\"isPartOf\":{\"@id\":\"https:\/\/canasytapas.es\/#website\"},\"primaryImageOfPage\":{\"@id\":\"https:\/\/canasytapas.es\/carta-montera\/#primaryimage\"},\"image\":{\"@id\":\"https:\/\/canasytapas.es\/carta-montera\/#primaryimage\"},\"thumbnailUrl\":\"https:\/\/canasytapas.es\/wp-content\/uploads\/2024\/12\/2-300x169.png\",\"datePublished\":\"2024-11-27T09:56:19+00:00\",\"dateModified\":\"2025-03-17T12:03:49+00:00\",\"breadcrumb\":{\"@id\":\"https:\/\/canasytapas.es\/carta-montera\/#breadcrumb\"},\"inLanguage\":\"en-GB\",\"potentialAction\":[{\"@type\":\"ReadAction\",\"target\":[\"https:\/\/canasytapas.es\/carta-montera\/\"]}]},{\"@type\":\"ImageObject\",\"inLanguage\":\"en-GB\",\"@id\":\"https:\/\/canasytapas.es\/carta-montera\/#primaryimage\",\"url\":\"https:\/\/canasytapas.es\/wp-content\/uploads\/2024\/12\/2-300x169.png\",\"contentUrl\":\"https:\/\/canasytapas.es\/wp-content\/uploads\/2024\/12\/2-300x169.png\"},{\"@type\":\"BreadcrumbList\",\"@id\":\"https:\/\/canasytapas.es\/carta-montera\/#breadcrumb\",\"itemListElement\":[{\"@type\":\"ListItem\",\"position\":1,\"name\":\"Portada\",\"item\":\"https:\/\/canasytapas.es\/\"},{\"@type\":\"ListItem\",\"position\":2,\"name\":\"Landing Carta Montera\"}]},{\"@type\":\"WebSite\",\"@id\":\"https:\/\/canasytapas.es\/#website\",\"url\":\"https:\/\/canasytapas.es\/\",\"name\":\"Ca\u00f1as y Tapas\",\"description\":\"Experimenta la esencia de la gastronom\u00eda espa\u00f1ola en Ca\u00f1as y Tapas. Disfruta de aut\u00e9nticas tapas y raciones tradicionales en un ambiente acogedor.\",\"potentialAction\":[{\"@type\":\"SearchAction\",\"target\":{\"@type\":\"EntryPoint\",\"urlTemplate\":\"https:\/\/canasytapas.es\/?s={search_term_string}\"},\"query-input\":{\"@type\":\"PropertyValueSpecification\",\"valueRequired\":true,\"valueName\":\"search_term_string\"}}],\"inLanguage\":\"en-GB\"}]}<\/script>\n<!-- \/ Yoast SEO plugin. -->","yoast_head_json":{"title":"Landing Carta Montera - Home | Ca\u00f1as y Tapas","robots":{"index":"noindex","follow":"follow"},"og_locale":"en_GB","og_type":"article","og_title":"Landing Carta Montera - Home | Ca\u00f1as y Tapas","og_description":"CARTA SAL\u00d3N INDOOR MENU CARTA TERRAZA TERRACE MENU AL\u00c9RGENOS \u00a0 Montera Calle de la Montera, 10","og_url":"https:\/\/canasytapas.es\/en\/carta-montera\/","og_site_name":"Home | Ca\u00f1as y Tapas","article_modified_time":"2025-03-17T12:03:49+00:00","og_image":[{"width":1920,"height":1080,"url":"https:\/\/canasytapas.es\/wp-content\/uploads\/2024\/12\/2.png","type":"image\/png"}],"twitter_card":"summary_large_image","twitter_misc":{"Estimated reading time":"1 minute"},"schema":{"@context":"https:\/\/schema.org","@graph":[{"@type":"WebPage","@id":"https:\/\/canasytapas.es\/carta-montera\/","url":"https:\/\/canasytapas.es\/carta-montera\/","name":"Landing Carta Montera - Home | Ca\u00f1as y Tapas","isPartOf":{"@id":"https:\/\/canasytapas.es\/#website"},"primaryImageOfPage":{"@id":"https:\/\/canasytapas.es\/carta-montera\/#primaryimage"},"image":{"@id":"https:\/\/canasytapas.es\/carta-montera\/#primaryimage"},"thumbnailUrl":"https:\/\/canasytapas.es\/wp-content\/uploads\/2024\/12\/2-300x169.png","datePublished":"2024-11-27T09:56:19+00:00","dateModified":"2025-03-17T12:03:49+00:00","breadcrumb":{"@id":"https:\/\/canasytapas.es\/carta-montera\/#breadcrumb"},"inLanguage":"en-GB","potentialAction":[{"@type":"ReadAction","target":["https:\/\/canasytapas.es\/carta-montera\/"]}]},{"@type":"ImageObject","inLanguage":"en-GB","@id":"https:\/\/canasytapas.es\/carta-montera\/#primaryimage","url":"https:\/\/canasytapas.es\/wp-content\/uploads\/2024\/12\/2-300x169.png","contentUrl":"https:\/\/canasytapas.es\/wp-content\/uploads\/2024\/12\/2-300x169.png"},{"@type":"BreadcrumbList","@id":"https:\/\/canasytapas.es\/carta-montera\/#breadcrumb","itemListElement":[{"@type":"ListItem","position":1,"name":"Portada","item":"https:\/\/canasytapas.es\/"},{"@type":"ListItem","position":2,"name":"Landing Carta Montera"}]},{"@type":"WebSite","@id":"https:\/\/canasytapas.es\/#website","url":"https:\/\/canasytapas.es\/","name":"Ca\u00f1as y Tapas","description":"Experimenta la esencia de la gastronom\u00eda espa\u00f1ola en Ca\u00f1as y Tapas. Disfruta de aut\u00e9nticas tapas y raciones tradicionales en un ambiente acogedor.","potentialAction":[{"@type":"SearchAction","target":{"@type":"EntryPoint","urlTemplate":"https:\/\/canasytapas.es\/?s={search_term_string}"},"query-input":{"@type":"PropertyValueSpecification","valueRequired":true,"valueName":"search_term_string"}}],"inLanguage":"en-GB"}]}},"_links":{"self":[{"href":"https:\/\/canasytapas.es\/en\/wp-json\/wp\/v2\/pages\/1246","targetHints":{"allow":["GET"]}}],"collection":[{"href":"https:\/\/canasytapas.es\/en\/wp-json\/wp\/v2\/pages"}],"about":[{"href":"https:\/\/canasytapas.es\/en\/wp-json\/wp\/v2\/types\/page"}],"author":[{"embeddable":true,"href":"https:\/\/canasytapas.es\/en\/wp-json\/wp\/v2\/users\/4"}],"replies":[{"embeddable":true,"href":"https:\/\/canasytapas.es\/en\/wp-json\/wp\/v2\/comments?post=1246"}],"version-history":[{"count":75,"href":"https:\/\/canasytapas.es\/en\/wp-json\/wp\/v2\/pages\/1246\/revisions"}],"predecessor-version":[{"id":5301,"href":"https:\/\/canasytapas.es\/en\/wp-json\/wp\/v2\/pages\/1246\/revisions\/5301"}],"wp:attachment":[{"href":"https:\/\/canasytapas.es\/en\/wp-json\/wp\/v2\/media?parent=1246"}],"curies":[{"name":"wp","href":"https:\/\/api.w.org\/{rel}","templated":true}]}}